{"id":15308,"date":"2026-04-07T10:55:58","date_gmt":"2026-04-07T09:55:58","guid":{"rendered":"https:\/\/sztukomania.pl\/?post_type=product&#038;p=15308"},"modified":"2026-04-18T11:21:45","modified_gmt":"2026-04-18T10:21:45","slug":"kubek-na-wynos-boroweczka","status":"publish","type":"product","link":"https:\/\/sztukomania.pl\/?product=kubek-na-wynos-boroweczka","title":{"rendered":"Kubek na wynos bor\u00f3weczka"},"content":{"rendered":"<p>Ceramiczny kubek na wynos w rysowanymi przeze mnie bor\u00f3wkami<\/p>\n<p>Kubek jest w zestawie z gumow\u0105 nak\u0142adk\u0105 zabezpieczaj\u0105 przed ciep\u0142em napoju oraz z gumowym wieczkiem,<\/p>\n<p><strong>Kubek ceramiczny nie jest kubkiem termicznym!<\/strong><\/p>\n<p>Produkt wykonany jest w ca\u0142o\u015bci r\u0119cznie, a jego rant mo\u017ce posiada\u0107 nieregularny kszta\u0142t dlatego nale\u017cy pami\u0119ta\u0107 przy nak\u0142adaniu gumowego wieczka aby naci\u0105gn\u0105\u0107 gum\u0119 na kubek!<\/p>\n<p>Pojemno\u015b\u0107: ok 300ml<\/p>\n<p>Mo\u017cliwo\u015b\u0107 mycia w zmywarce: TAK<\/p>\n<p>Produkt pokryty szkliwem dopuszczonym do kontaktu z \u017cywno\u015bci\u0105<\/p>\n<p>Produkt wykonany w ca\u0142o\u015bci r\u0119cznie, przez co jest unikatowy i niepowtarzalny<\/p>\n<p>Produkt posiada nieregularny kszta\u0142t<\/p>\n<p>Rzeczywisty odcie\u0144 produktu mo\u017ce r\u00f3\u017cni\u0107 si\u0119 od przedstawionego na zdj\u0119ciu<\/p>\n<p>Zdj\u0119cia produkt\u00f3w s\u0105 pogl\u0105dowe, ka\u017cdy kolor produktu r\u00f3\u017cni si\u0119 od siebie tonacj\u0105 oraz u\u0142o\u017ceniem szkliwa na powierzchni przedmiotu. Nale\u017cy bra\u0107 pod uwag\u0119 powy\u017csze informacje podczas dokonywania zakupu<\/p>\n<p>Podczas wysy\u0142ki produkt wybierany jest losowo<\/p>\n","protected":false},"excerpt":{"rendered":"<p>Ceramiczny kubek na wynos w rysowanymi przeze mnie bor\u00f3wkami Kubek jest w zestawie z gumow\u0105 nak\u0142adk\u0105 zabezpieczaj\u0105 przed ciep\u0142em napoju oraz z gumowym wieczkiem, Kubek ceramiczny nie jest kubkiem termicznym! Produkt wykonany jest w ca\u0142o\u015bci r\u0119cznie, a jego rant mo\u017ce posiada\u0107 nieregularny kszta\u0142t dlatego nale\u017cy pami\u0119ta\u0107 przy nak\u0142adaniu gumowego wieczka aby naci\u0105gn\u0105\u0107 gum\u0119 na kubek! [&hellip;]<\/p>\n","protected":false},"featured_media":15309,"comment_status":"open","ping_status":"closed","template":"","meta":{"om_disable_all_campaigns":false,"_monsterinsights_skip_tracking":false,"_monsterinsights_sitenote_active":false,"_monsterinsights_sitenote_note":"","_monsterinsights_sitenote_category":0,"_uf_show_specific_survey":0,"_uf_disable_surveys":false,"site-sidebar-layout":"default","site-content-layout":"","ast-site-content-layout":"default","site-content-style":"default","site-sidebar-style":"default","ast-global-header-display":"","ast-banner-title-visibility":"","ast-main-header-display":"","ast-hfb-above-header-display":"","ast-hfb-below-header-display":"","ast-hfb-mobile-header-display":"","site-post-title":"","ast-breadcrumbs-content":"","ast-featured-img":"","footer-sml-layout":"","ast-disable-related-posts":"","theme-transparent-header-meta":"default","adv-header-id-meta":"","stick-header-meta":"","header-above-stick-meta":"","header-main-stick-meta":"","header-below-stick-meta":"","astra-migrate-meta-layouts":"set","ast-page-background-enabled":"default","ast-page-background-meta":{"desktop":{"background-color":"","background-image":"","background-repeat":"repeat","background-position":"center center","background-size":"auto","background-attachment":"scroll","background-type":"","background-media":"","overlay-type":"","overlay-color":"","overlay-opacity":"","overlay-gradient":""},"tablet":{"background-color":"","background-image":"","background-repeat":"repeat","background-position":"center center","background-size":"auto","background-attachment":"scroll","background-type":"","background-media":"","overlay-type":"","overlay-color":"","overlay-opacity":"","overlay-gradient":""},"mobile":{"background-color":"","background-image":"","background-repeat":"repeat","background-position":"center center","background-size":"auto","background-attachment":"scroll","background-type":"","background-media":"","overlay-type":"","overlay-color":"","overlay-opacity":"","overlay-gradient":""}},"ast-content-background-meta":{"desktop":{"background-color":"var(--ast-global-color-5)","background-image":"","background-repeat":"repeat","background-position":"center center","background-size":"auto","background-attachment":"scroll","background-type":"","background-media":"","overlay-type":"","overlay-color":"","overlay-opacity":"","overlay-gradient":""},"tablet":{"background-color":"var(--ast-global-color-5)","background-image":"","background-repeat":"repeat","background-position":"center center","background-size":"auto","background-attachment":"scroll","background-type":"","background-media":"","overlay-type":"","overlay-color":"","overlay-opacity":"","overlay-gradient":""},"mobile":{"background-color":"var(--ast-global-color-5)","background-image":"","background-repeat":"repeat","background-position":"center center","background-size":"auto","background-attachment":"scroll","background-type":"","background-media":"","overlay-type":"","overlay-color":"","overlay-opacity":"","overlay-gradient":""}}},"product_brand":[],"product_cat":[94,23],"product_tag":[],"class_list":{"0":"post-15308","1":"product","2":"type-product","3":"status-publish","4":"has-post-thumbnail","6":"product_cat-ceramiczne-kubki-to-go","7":"product_cat-pottery","8":"desktop-align-left","9":"tablet-align-left","10":"mobile-align-left","12":"first","13":"instock","14":"taxable","15":"shipping-taxable","16":"purchasable","17":"product-type-simple"},"aioseo_notices":[],"_links":{"self":[{"href":"https:\/\/sztukomania.pl\/index.php?rest_route=\/wp\/v2\/product\/15308","targetHints":{"allow":["GET"]}}],"collection":[{"href":"https:\/\/sztukomania.pl\/index.php?rest_route=\/wp\/v2\/product"}],"about":[{"href":"https:\/\/sztukomania.pl\/index.php?rest_route=\/wp\/v2\/types\/product"}],"replies":[{"embeddable":true,"href":"https:\/\/sztukomania.pl\/index.php?rest_route=%2Fwp%2Fv2%2Fcomments&post=15308"}],"version-history":[{"count":1,"href":"https:\/\/sztukomania.pl\/index.php?rest_route=\/wp\/v2\/product\/15308\/revisions"}],"predecessor-version":[{"id":15311,"href":"https:\/\/sztukomania.pl\/index.php?rest_route=\/wp\/v2\/product\/15308\/revisions\/15311"}],"wp:featuredmedia":[{"embeddable":true,"href":"https:\/\/sztukomania.pl\/index.php?rest_route=\/wp\/v2\/media\/15309"}],"wp:attachment":[{"href":"https:\/\/sztukomania.pl\/index.php?rest_route=%2Fwp%2Fv2%2Fmedia&parent=15308"}],"wp:term":[{"taxonomy":"product_brand","embeddable":true,"href":"https:\/\/sztukomania.pl\/index.php?rest_route=%2Fwp%2Fv2%2Fproduct_brand&post=15308"},{"taxonomy":"product_cat","embeddable":true,"href":"https:\/\/sztukomania.pl\/index.php?rest_route=%2Fwp%2Fv2%2Fproduct_cat&post=15308"},{"taxonomy":"product_tag","embeddable":true,"href":"https:\/\/sztukomania.pl\/index.php?rest_route=%2Fwp%2Fv2%2Fproduct_tag&post=15308"}],"curies":[{"name":"wp","href":"https:\/\/api.w.org\/{rel}","templated":true}]}}