{"id":15151,"date":"2026-03-18T14:16:21","date_gmt":"2026-03-18T13:16:21","guid":{"rendered":"https:\/\/sztukomania.pl\/?post_type=product&#038;p=15151"},"modified":"2026-03-21T17:18:26","modified_gmt":"2026-03-21T16:18:26","slug":"kubek-krokus-2","status":"publish","type":"product","link":"https:\/\/sztukomania.pl\/?product=kubek-krokus-2","title":{"rendered":"Kubek KROKUS"},"content":{"rendered":"<p>Kubek z malowanym przeze mnie krokusem <img decoding=\"async\" class=\"emoji\" role=\"img\" draggable=\"false\" src=\"https:\/\/s.w.org\/images\/core\/emoji\/17.0.2\/svg\/1f642.svg\" alt=\"\ud83d\ude42\" \/><\/p>\n<p>Maluj\u0105c krokusy farba osadza si\u0119 mocniej albo te\u017c s\u0142abiej dlatego zdj\u0119cie jest przyk\u0142adowe, a kolor kwiatka mo\u017ce r\u00f3\u017cni\u0107 si\u0119 gdy wybieram go losowo do wysy\u0142ki.<\/p>\n<p><strong>Pojemno\u015b\u0107:<\/strong> ok 400 ml<\/p>\n<p><strong>Mo\u017cliwo\u015b\u0107 mycia w zmywarce:<\/strong>\u00a0TAK<\/p>\n<p>Produkt pokryty szkliwem dopuszczonym do kontaktu z \u017cywno\u015bci\u0105<\/p>\n<p>Produkt wykonany w ca\u0142o\u015bci r\u0119cznie, przez co jest unikatowy i niepowtarzalny<\/p>\n<p>Produkt posiada nieregularny kszta\u0142t<\/p>\n<p>Rzeczywisty odcie\u0144 produktu mo\u017ce r\u00f3\u017cni\u0107 si\u0119 od przedstawionego na zdj\u0119ciu<\/p>\n<p>Zdj\u0119cia produkt\u00f3w s\u0105 pogl\u0105dowe, ka\u017cdy kolor produktu r\u00f3\u017cni si\u0119 od siebie tonacj\u0105 oraz u\u0142o\u017ceniem szkliwa na powierzchni przedmiotu. Nale\u017cy bra\u0107 pod uwag\u0119 powy\u017csze informacje podczas dokonywania zakupu<\/p>\n<p>&nbsp;<\/p>\n","protected":false},"excerpt":{"rendered":"<p>Kubek z malowanym przeze mnie krokusem Maluj\u0105c krokusy farba osadza si\u0119 mocniej albo te\u017c s\u0142abiej dlatego zdj\u0119cie jest przyk\u0142adowe, a kolor kwiatka mo\u017ce r\u00f3\u017cni\u0107 si\u0119 gdy wybieram go losowo do wysy\u0142ki. Pojemno\u015b\u0107: ok 400 ml Mo\u017cliwo\u015b\u0107 mycia w zmywarce:\u00a0TAK Produkt pokryty szkliwem dopuszczonym do kontaktu z \u017cywno\u015bci\u0105 Produkt wykonany w ca\u0142o\u015bci r\u0119cznie, przez co jest [&hellip;]<\/p>\n","protected":false},"featured_media":15124,"comment_status":"open","ping_status":"closed","template":"","meta":{"om_disable_all_campaigns":false,"_monsterinsights_skip_tracking":false,"_monsterinsights_sitenote_active":false,"_monsterinsights_sitenote_note":"","_monsterinsights_sitenote_category":0,"_uf_show_specific_survey":0,"_uf_disable_surveys":false,"site-sidebar-layout":"default","site-content-layout":"","ast-site-content-layout":"default","site-content-style":"default","site-sidebar-style":"default","ast-global-header-display":"","ast-banner-title-visibility":"","ast-main-header-display":"","ast-hfb-above-header-display":"","ast-hfb-below-header-display":"","ast-hfb-mobile-header-display":"","site-post-title":"","ast-breadcrumbs-content":"","ast-featured-img":"","footer-sml-layout":"","ast-disable-related-posts":"","theme-transparent-header-meta":"default","adv-header-id-meta":"","stick-header-meta":"","header-above-stick-meta":"","header-main-stick-meta":"","header-below-stick-meta":"","astra-migrate-meta-layouts":"set","ast-page-background-enabled":"default","ast-page-background-meta":{"desktop":{"background-color":"","background-image":"","background-repeat":"repeat","background-position":"center center","background-size":"auto","background-attachment":"scroll","background-type":"","background-media":"","overlay-type":"","overlay-color":"","overlay-opacity":"","overlay-gradient":""},"tablet":{"background-color":"","background-image":"","background-repeat":"repeat","background-position":"center center","background-size":"auto","background-attachment":"scroll","background-type":"","background-media":"","overlay-type":"","overlay-color":"","overlay-opacity":"","overlay-gradient":""},"mobile":{"background-color":"","background-image":"","background-repeat":"repeat","background-position":"center center","background-size":"auto","background-attachment":"scroll","background-type":"","background-media":"","overlay-type":"","overlay-color":"","overlay-opacity":"","overlay-gradient":""}},"ast-content-background-meta":{"desktop":{"background-color":"var(--ast-global-color-5)","background-image":"","background-repeat":"repeat","background-position":"center center","background-size":"auto","background-attachment":"scroll","background-type":"","background-media":"","overlay-type":"","overlay-color":"","overlay-opacity":"","overlay-gradient":""},"tablet":{"background-color":"var(--ast-global-color-5)","background-image":"","background-repeat":"repeat","background-position":"center center","background-size":"auto","background-attachment":"scroll","background-type":"","background-media":"","overlay-type":"","overlay-color":"","overlay-opacity":"","overlay-gradient":""},"mobile":{"background-color":"var(--ast-global-color-5)","background-image":"","background-repeat":"repeat","background-position":"center center","background-size":"auto","background-attachment":"scroll","background-type":"","background-media":"","overlay-type":"","overlay-color":"","overlay-opacity":"","overlay-gradient":""}}},"product_brand":[],"product_cat":[78],"product_tag":[],"class_list":{"0":"post-15151","1":"product","2":"type-product","3":"status-publish","4":"has-post-thumbnail","6":"product_cat-wyprzedaz","7":"desktop-align-left","8":"tablet-align-left","9":"mobile-align-left","11":"first","12":"onbackorder","13":"taxable","14":"shipping-taxable","15":"purchasable","16":"product-type-simple"},"aioseo_notices":[],"_links":{"self":[{"href":"https:\/\/sztukomania.pl\/index.php?rest_route=\/wp\/v2\/product\/15151","targetHints":{"allow":["GET"]}}],"collection":[{"href":"https:\/\/sztukomania.pl\/index.php?rest_route=\/wp\/v2\/product"}],"about":[{"href":"https:\/\/sztukomania.pl\/index.php?rest_route=\/wp\/v2\/types\/product"}],"replies":[{"embeddable":true,"href":"https:\/\/sztukomania.pl\/index.php?rest_route=%2Fwp%2Fv2%2Fcomments&post=15151"}],"version-history":[{"count":1,"href":"https:\/\/sztukomania.pl\/index.php?rest_route=\/wp\/v2\/product\/15151\/revisions"}],"predecessor-version":[{"id":15152,"href":"https:\/\/sztukomania.pl\/index.php?rest_route=\/wp\/v2\/product\/15151\/revisions\/15152"}],"wp:featuredmedia":[{"embeddable":true,"href":"https:\/\/sztukomania.pl\/index.php?rest_route=\/wp\/v2\/media\/15124"}],"wp:attachment":[{"href":"https:\/\/sztukomania.pl\/index.php?rest_route=%2Fwp%2Fv2%2Fmedia&parent=15151"}],"wp:term":[{"taxonomy":"product_brand","embeddable":true,"href":"https:\/\/sztukomania.pl\/index.php?rest_route=%2Fwp%2Fv2%2Fproduct_brand&post=15151"},{"taxonomy":"product_cat","embeddable":true,"href":"https:\/\/sztukomania.pl\/index.php?rest_route=%2Fwp%2Fv2%2Fproduct_cat&post=15151"},{"taxonomy":"product_tag","embeddable":true,"href":"https:\/\/sztukomania.pl\/index.php?rest_route=%2Fwp%2Fv2%2Fproduct_tag&post=15151"}],"curies":[{"name":"wp","href":"https:\/\/api.w.org\/{rel}","templated":true}]}}