{"id":14802,"date":"2026-02-23T15:14:19","date_gmt":"2026-02-23T14:14:19","guid":{"rendered":"https:\/\/sztukomania.pl\/?post_type=product&#038;p=14802"},"modified":"2026-02-23T15:25:26","modified_gmt":"2026-02-23T14:25:26","slug":"stol-debowy-olejowany","status":"publish","type":"product","link":"https:\/\/sztukomania.pl\/?product=stol-debowy-olejowany","title":{"rendered":"St\u00f3\u0142 d\u0119bowy olejowany"},"content":{"rendered":"<p class=\"p1\"><span class=\"s1\">Unikatowy d\u0119bowy st\u00f3\u0142 o nieregularnym kszta\u0142cie wykonany z jednego plastra drewna,<\/span><\/p>\n<p class=\"p1\"><span class=\"s1\">St\u00f3\u0142 stoi stabilnie na metalowych nogach, a s<\/span><span class=\"s1\">woim designem wpisuje si\u0119 w ka\u017cde wn\u0119trze,<\/span><\/p>\n<p><strong>St\u00f3\u0142 jest dwukrotnie zaolejowany olejem ochronnym,\u00a0<\/strong><\/p>\n<p class=\"p1\"><span class=\"s1\"><strong>Drewno:<\/strong> D\u0104B CZERWONY<\/span><\/p>\n<p class=\"p1\"><span class=\"s1\"><strong>Wymiary:<\/strong> 63X64 cm<\/span><\/p>\n<p class=\"p1\"><span class=\"s1\"><strong>Grubo\u015b\u0107 plastra:<\/strong> 10,5 cm<\/span><\/p>\n<p class=\"p1\"><span class=\"s1\"><strong>Wysoko\u015b\u0107 sto\u0142u:<\/strong> 51 cm<\/span><\/p>\n<p class=\"p1\"><span class=\"s2\">Nale\u017cy pami\u0119ta\u0107, \u017ce drewniane meble w pomieszczeniu pracuj\u0105 ca\u0142y czas (poch\u0142aniaj\u0105 wilgo\u0107 oraz oddaj\u0105 j\u0105 na zewn\u0105trz), zale\u017cnie od temperatury otoczenia oraz ilo\u015bci pary wodnej znajduj\u0105cej si\u0119 w powietrzu.<\/span><\/p>\n<p class=\"p1\"><strong><span class=\"s2\">Zatem naturalnym zjawiskiem s\u0105 pojawiaj\u0105ce si\u0119 sp\u0119kania drewna na powierzchni oraz jego kurczenie si\u0119. Wszystkie czynniki takie jak m.in: temperatura w pomieszczeniu w jakiej przebywa taki st\u00f3\u0142 maj\u0105 wp\u0142yw na jego prace oraz zachowanie.<\/span><\/strong><\/p>\n<p class=\"p1\"><span class=\"s1\">W przypadku ch\u0119ci zakupu oraz wysy\u0142ki na terenie kraju prosimy o kontakt w celu om\u00f3wienia szczeg\u00f3\u0142\u00f3w transportu na palecie.<\/span><\/p>\n<p class=\"p1\"><span class=\"s1\">Na terenie Podhala mo\u017cliwy jest dow\u00f3z pod wskazany adres.<\/span><\/p>\n","protected":false},"excerpt":{"rendered":"<p>Unikatowy d\u0119bowy st\u00f3\u0142 o nieregularnym kszta\u0142cie wykonany z jednego plastra drewna, St\u00f3\u0142 stoi stabilnie na metalowych nogach, a swoim designem wpisuje si\u0119 w ka\u017cde wn\u0119trze, St\u00f3\u0142 jest dwukrotnie zaolejowany olejem ochronnym,\u00a0 Drewno: D\u0104B CZERWONY Wymiary: 63X64 cm Grubo\u015b\u0107 plastra: 10,5 cm Wysoko\u015b\u0107 sto\u0142u: 51 cm Nale\u017cy pami\u0119ta\u0107, \u017ce drewniane meble w pomieszczeniu pracuj\u0105 ca\u0142y czas [&hellip;]<\/p>\n","protected":false},"featured_media":14801,"comment_status":"open","ping_status":"closed","template":"","meta":{"om_disable_all_campaigns":false,"_monsterinsights_skip_tracking":false,"_monsterinsights_sitenote_active":false,"_monsterinsights_sitenote_note":"","_monsterinsights_sitenote_category":0,"_uf_show_specific_survey":0,"_uf_disable_surveys":false,"site-sidebar-layout":"default","site-content-layout":"","ast-site-content-layout":"default","site-content-style":"default","site-sidebar-style":"default","ast-global-header-display":"","ast-banner-title-visibility":"","ast-main-header-display":"","ast-hfb-above-header-display":"","ast-hfb-below-header-display":"","ast-hfb-mobile-header-display":"","site-post-title":"","ast-breadcrumbs-content":"","ast-featured-img":"","footer-sml-layout":"","ast-disable-related-posts":"","theme-transparent-header-meta":"default","adv-header-id-meta":"","stick-header-meta":"","header-above-stick-meta":"","header-main-stick-meta":"","header-below-stick-meta":"","astra-migrate-meta-layouts":"set","ast-page-background-enabled":"default","ast-page-background-meta":{"desktop":{"background-color":"","background-image":"","background-repeat":"repeat","background-position":"center center","background-size":"auto","background-attachment":"scroll","background-type":"","background-media":"","overlay-type":"","overlay-color":"","overlay-opacity":"","overlay-gradient":""},"tablet":{"background-color":"","background-image":"","background-repeat":"repeat","background-position":"center center","background-size":"auto","background-attachment":"scroll","background-type":"","background-media":"","overlay-type":"","overlay-color":"","overlay-opacity":"","overlay-gradient":""},"mobile":{"background-color":"","background-image":"","background-repeat":"repeat","background-position":"center center","background-size":"auto","background-attachment":"scroll","background-type":"","background-media":"","overlay-type":"","overlay-color":"","overlay-opacity":"","overlay-gradient":""}},"ast-content-background-meta":{"desktop":{"background-color":"var(--ast-global-color-5)","background-image":"","background-repeat":"repeat","background-position":"center center","background-size":"auto","background-attachment":"scroll","background-type":"","background-media":"","overlay-type":"","overlay-color":"","overlay-opacity":"","overlay-gradient":""},"tablet":{"background-color":"var(--ast-global-color-5)","background-image":"","background-repeat":"repeat","background-position":"center center","background-size":"auto","background-attachment":"scroll","background-type":"","background-media":"","overlay-type":"","overlay-color":"","overlay-opacity":"","overlay-gradient":""},"mobile":{"background-color":"var(--ast-global-color-5)","background-image":"","background-repeat":"repeat","background-position":"center center","background-size":"auto","background-attachment":"scroll","background-type":"","background-media":"","overlay-type":"","overlay-color":"","overlay-opacity":"","overlay-gradient":""}}},"product_brand":[],"product_cat":[31,92],"product_tag":[],"class_list":{"0":"post-14802","1":"product","2":"type-product","3":"status-publish","4":"has-post-thumbnail","6":"product_cat-wood","7":"product_cat-drewniane-swieczniki","8":"desktop-align-left","9":"tablet-align-left","10":"mobile-align-left","12":"first","13":"instock","14":"taxable","15":"shipping-taxable","16":"purchasable","17":"product-type-simple"},"aioseo_notices":[],"_links":{"self":[{"href":"https:\/\/sztukomania.pl\/index.php?rest_route=\/wp\/v2\/product\/14802","targetHints":{"allow":["GET"]}}],"collection":[{"href":"https:\/\/sztukomania.pl\/index.php?rest_route=\/wp\/v2\/product"}],"about":[{"href":"https:\/\/sztukomania.pl\/index.php?rest_route=\/wp\/v2\/types\/product"}],"replies":[{"embeddable":true,"href":"https:\/\/sztukomania.pl\/index.php?rest_route=%2Fwp%2Fv2%2Fcomments&post=14802"}],"version-history":[{"count":3,"href":"https:\/\/sztukomania.pl\/index.php?rest_route=\/wp\/v2\/product\/14802\/revisions"}],"predecessor-version":[{"id":14809,"href":"https:\/\/sztukomania.pl\/index.php?rest_route=\/wp\/v2\/product\/14802\/revisions\/14809"}],"wp:featuredmedia":[{"embeddable":true,"href":"https:\/\/sztukomania.pl\/index.php?rest_route=\/wp\/v2\/media\/14801"}],"wp:attachment":[{"href":"https:\/\/sztukomania.pl\/index.php?rest_route=%2Fwp%2Fv2%2Fmedia&parent=14802"}],"wp:term":[{"taxonomy":"product_brand","embeddable":true,"href":"https:\/\/sztukomania.pl\/index.php?rest_route=%2Fwp%2Fv2%2Fproduct_brand&post=14802"},{"taxonomy":"product_cat","embeddable":true,"href":"https:\/\/sztukomania.pl\/index.php?rest_route=%2Fwp%2Fv2%2Fproduct_cat&post=14802"},{"taxonomy":"product_tag","embeddable":true,"href":"https:\/\/sztukomania.pl\/index.php?rest_route=%2Fwp%2Fv2%2Fproduct_tag&post=14802"}],"curies":[{"name":"wp","href":"https:\/\/api.w.org\/{rel}","templated":true}]}}