{"id":1408,"date":"2020-08-24T19:30:23","date_gmt":"2020-08-24T19:30:23","guid":{"rendered":"http:\/\/sztukomania.pl\/?post_type=product&#038;p=1408"},"modified":"2020-11-24T16:05:24","modified_gmt":"2020-11-24T16:05:24","slug":"kwietnik-wiszacy","status":"publish","type":"product","link":"https:\/\/sztukomania.pl\/?product=kwietnik-wiszacy","title":{"rendered":"Kwietnik wisz\u0105cy"},"content":{"rendered":"<p>Stabilny kwietnik wisz\u0105cy z prost\u0105 o nieregularnym kszta\u0142cie desk\u0105 przylegaj\u0105c\u0105 do \u015bciany<br \/>\nDost\u0119pny rodzaj drzewa: <strong>JESION<\/strong> lub <strong>D\u0104B<\/strong><br \/>\nWymiary:<\/p>\n<p>Wysoko\u015b\u0107- ok 30 cm<br \/>\nSzeroko\u015b\u0107:: ok 20 cm<\/p>\n<p><strong>Produkt na zam\u00f3wienie<\/strong><br \/>\nCzas realizacji : <strong>7 dni<\/strong><\/p>\n<p>Ka\u017cdy z produkt\u00f3w jest unikatowy i wykonywany w ca\u0142o\u015bci r\u0119cznie dlatego nie ma dw\u00f3ch identycznych<br \/>\nprzedmiot\u00f3w.<br \/>\nRzeczywisty odcie\u0144 kolorystyczny produktu mo\u017ce r\u00f3\u017cni\u0107 si\u0119 od tego, kt\u00f3ry widnieje na zdj\u0119ciach<br \/>\nDrewno pokryte lakierem bezbarwnym.<\/p>\n","protected":false},"excerpt":{"rendered":"<p>Stabilny kwietnik wisz\u0105cy z prost\u0105 o nieregularnym kszta\u0142cie desk\u0105 przylegaj\u0105c\u0105 do \u015bciany Dost\u0119pny rodzaj drzewa: JESION lub D\u0104B Wymiary: Wysoko\u015b\u0107- ok 30 cm Szeroko\u015b\u0107:: ok 20 cm Produkt na zam\u00f3wienie Czas realizacji : 7 dni Ka\u017cdy z produkt\u00f3w jest unikatowy i wykonywany w ca\u0142o\u015bci r\u0119cznie dlatego nie ma dw\u00f3ch identycznych przedmiot\u00f3w. Rzeczywisty odcie\u0144 kolorystyczny produktu [&hellip;]<\/p>\n","protected":false},"featured_media":2067,"comment_status":"open","ping_status":"closed","template":"","meta":{"om_disable_all_campaigns":false,"_monsterinsights_skip_tracking":false,"_monsterinsights_sitenote_active":false,"_monsterinsights_sitenote_note":"","_monsterinsights_sitenote_category":0,"_uf_show_specific_survey":0,"_uf_disable_surveys":false,"site-sidebar-layout":"default","site-content-layout":"default","ast-site-content-layout":"default","site-content-style":"default","site-sidebar-style":"default","ast-global-header-display":"","ast-banner-title-visibility":"","ast-main-header-display":"","ast-hfb-above-header-display":"","ast-hfb-below-header-display":"","ast-hfb-mobile-header-display":"","site-post-title":"","ast-breadcrumbs-content":"","ast-featured-img":"","footer-sml-layout":"","ast-disable-related-posts":"","theme-transparent-header-meta":"default","adv-header-id-meta":"","stick-header-meta":"","header-above-stick-meta":"","header-main-stick-meta":"","header-below-stick-meta":"","astra-migrate-meta-layouts":"default","ast-page-background-enabled":"default","ast-page-background-meta":{"desktop":{"background-color":"","background-image":"","background-repeat":"repeat","background-position":"center center","background-size":"auto","background-attachment":"scroll","background-type":"","background-media":"","overlay-type":"","overlay-color":"","overlay-opacity":"","overlay-gradient":""},"tablet":{"background-color":"","background-image":"","background-repeat":"repeat","background-position":"center center","background-size":"auto","background-attachment":"scroll","background-type":"","background-media":"","overlay-type":"","overlay-color":"","overlay-opacity":"","overlay-gradient":""},"mobile":{"background-color":"","background-image":"","background-repeat":"repeat","background-position":"center center","background-size":"auto","background-attachment":"scroll","background-type":"","background-media":"","overlay-type":"","overlay-color":"","overlay-opacity":"","overlay-gradient":""}},"ast-content-background-meta":{"desktop":{"background-color":"var(--ast-global-color-5)","background-image":"","background-repeat":"repeat","background-position":"center center","background-size":"auto","background-attachment":"scroll","background-type":"","background-media":"","overlay-type":"","overlay-color":"","overlay-opacity":"","overlay-gradient":""},"tablet":{"background-color":"var(--ast-global-color-5)","background-image":"","background-repeat":"repeat","background-position":"center center","background-size":"auto","background-attachment":"scroll","background-type":"","background-media":"","overlay-type":"","overlay-color":"","overlay-opacity":"","overlay-gradient":""},"mobile":{"background-color":"var(--ast-global-color-5)","background-image":"","background-repeat":"repeat","background-position":"center center","background-size":"auto","background-attachment":"scroll","background-type":"","background-media":"","overlay-type":"","overlay-color":"","overlay-opacity":"","overlay-gradient":""}}},"product_brand":[],"product_cat":[61],"product_tag":[53,51,52],"class_list":{"0":"post-1408","1":"product","2":"type-product","3":"status-publish","4":"has-post-thumbnail","6":"product_cat-zamowienie","7":"product_tag-kwiaty","8":"product_tag-kwietnik","9":"product_tag-wood","10":"desktop-align-left","11":"tablet-align-left","12":"mobile-align-left","14":"first","15":"onbackorder","16":"taxable","17":"shipping-taxable","18":"purchasable","19":"product-type-simple"},"aioseo_notices":[],"_links":{"self":[{"href":"https:\/\/sztukomania.pl\/index.php?rest_route=\/wp\/v2\/product\/1408","targetHints":{"allow":["GET"]}}],"collection":[{"href":"https:\/\/sztukomania.pl\/index.php?rest_route=\/wp\/v2\/product"}],"about":[{"href":"https:\/\/sztukomania.pl\/index.php?rest_route=\/wp\/v2\/types\/product"}],"replies":[{"embeddable":true,"href":"https:\/\/sztukomania.pl\/index.php?rest_route=%2Fwp%2Fv2%2Fcomments&post=1408"}],"version-history":[{"count":1,"href":"https:\/\/sztukomania.pl\/index.php?rest_route=\/wp\/v2\/product\/1408\/revisions"}],"predecessor-version":[{"id":2064,"href":"https:\/\/sztukomania.pl\/index.php?rest_route=\/wp\/v2\/product\/1408\/revisions\/2064"}],"wp:featuredmedia":[{"embeddable":true,"href":"https:\/\/sztukomania.pl\/index.php?rest_route=\/wp\/v2\/media\/2067"}],"wp:attachment":[{"href":"https:\/\/sztukomania.pl\/index.php?rest_route=%2Fwp%2Fv2%2Fmedia&parent=1408"}],"wp:term":[{"taxonomy":"product_brand","embeddable":true,"href":"https:\/\/sztukomania.pl\/index.php?rest_route=%2Fwp%2Fv2%2Fproduct_brand&post=1408"},{"taxonomy":"product_cat","embeddable":true,"href":"https:\/\/sztukomania.pl\/index.php?rest_route=%2Fwp%2Fv2%2Fproduct_cat&post=1408"},{"taxonomy":"product_tag","embeddable":true,"href":"https:\/\/sztukomania.pl\/index.php?rest_route=%2Fwp%2Fv2%2Fproduct_tag&post=1408"}],"curies":[{"name":"wp","href":"https:\/\/api.w.org\/{rel}","templated":true}]}}