{"id":13562,"date":"2025-08-18T15:45:13","date_gmt":"2025-08-18T14:45:13","guid":{"rendered":"https:\/\/sztukomania.pl\/?post_type=product&#038;p=13562"},"modified":"2026-04-01T12:29:09","modified_gmt":"2026-04-01T11:29:09","slug":"filizanka-zlote-serce-kremowa-w-niebieskie-ciapki","status":"publish","type":"product","link":"https:\/\/sztukomania.pl\/?product=filizanka-zlote-serce-kremowa-w-niebieskie-ciapki","title":{"rendered":"Fili\u017canka Z\u0141OTE SERCE bia\u0142a w niebieskie ciapki"},"content":{"rendered":"<p>Fili\u017canka ze spodkiem w kolorze bia\u0142ym z niebieskimi plamkami i z\u0142otym rantem oraz sercem<\/p>\n<p><strong>Pojemno\u015b\u0107:<\/strong>\u00a0ok 330ml<\/p>\n<p><strong>Mo\u017cliwo\u015b\u0107 mycia w zmywarce:<\/strong>\u00a0NIE<\/p>\n<p><strong>Produkt pokryty prawdziwym roztworem z\u0142ota<\/strong><\/p>\n<p>Z\u0142oto mo\u017ce nosi\u0107 efekty przetarcia oraz z\u0142ote zacieki<\/p>\n<p>Produkt pokryty szkliwem dopuszczonym do kontaktu z \u017cywno\u015bci\u0105<\/p>\n<p>Produkt wykonany w ca\u0142o\u015bci r\u0119cznie, przez co jest unikatowy i niepowtarzalny<\/p>\n<p>Produkt posiada nieregularny kszta\u0142t<\/p>\n<p><strong>Rzeczywisty odcie\u0144 produktu mo\u017ce r\u00f3\u017cni\u0107 si\u0119 od przedstawionego na zdj\u0119ciu<\/strong><\/p>\n<p><strong>Zdj\u0119cia produkt\u00f3w s\u0105 pogl\u0105dowe, ka\u017cdy kolor produktu r\u00f3\u017cni si\u0119 od siebie tonacj\u0105 oraz u\u0142o\u017ceniem szkliwa na powierzchni przedmiotu. Nale\u017cy bra\u0107 pod uwag\u0119 powy\u017csze informacje podczas dokonywania zakupu<\/strong><\/p>\n<p><strong>Podczas wysy\u0142ki produkt wybierany jest losowo<\/strong><\/p>\n","protected":false},"excerpt":{"rendered":"<p>Fili\u017canka ze spodkiem w kolorze bia\u0142ym z niebieskimi plamkami i z\u0142otym rantem oraz sercem Pojemno\u015b\u0107:\u00a0ok 330ml Mo\u017cliwo\u015b\u0107 mycia w zmywarce:\u00a0NIE Produkt pokryty prawdziwym roztworem z\u0142ota Z\u0142oto mo\u017ce nosi\u0107 efekty przetarcia oraz z\u0142ote zacieki Produkt pokryty szkliwem dopuszczonym do kontaktu z \u017cywno\u015bci\u0105 Produkt wykonany w ca\u0142o\u015bci r\u0119cznie, przez co jest unikatowy i niepowtarzalny Produkt posiada nieregularny [&hellip;]<\/p>\n","protected":false},"featured_media":14899,"comment_status":"open","ping_status":"closed","template":"","meta":{"om_disable_all_campaigns":false,"_monsterinsights_skip_tracking":false,"_monsterinsights_sitenote_active":false,"_monsterinsights_sitenote_note":"","_monsterinsights_sitenote_category":0,"_uf_show_specific_survey":0,"_uf_disable_surveys":false,"site-sidebar-layout":"default","site-content-layout":"","ast-site-content-layout":"default","site-content-style":"default","site-sidebar-style":"default","ast-global-header-display":"","ast-banner-title-visibility":"","ast-main-header-display":"","ast-hfb-above-header-display":"","ast-hfb-below-header-display":"","ast-hfb-mobile-header-display":"","site-post-title":"","ast-breadcrumbs-content":"","ast-featured-img":"","footer-sml-layout":"","ast-disable-related-posts":"","theme-transparent-header-meta":"default","adv-header-id-meta":"","stick-header-meta":"","header-above-stick-meta":"","header-main-stick-meta":"","header-below-stick-meta":"","astra-migrate-meta-layouts":"set","ast-page-background-enabled":"default","ast-page-background-meta":{"desktop":{"background-color":"","background-image":"","background-repeat":"repeat","background-position":"center center","background-size":"auto","background-attachment":"scroll","background-type":"","background-media":"","overlay-type":"","overlay-color":"","overlay-opacity":"","overlay-gradient":""},"tablet":{"background-color":"","background-image":"","background-repeat":"repeat","background-position":"center center","background-size":"auto","background-attachment":"scroll","background-type":"","background-media":"","overlay-type":"","overlay-color":"","overlay-opacity":"","overlay-gradient":""},"mobile":{"background-color":"","background-image":"","background-repeat":"repeat","background-position":"center center","background-size":"auto","background-attachment":"scroll","background-type":"","background-media":"","overlay-type":"","overlay-color":"","overlay-opacity":"","overlay-gradient":""}},"ast-content-background-meta":{"desktop":{"background-color":"var(--ast-global-color-5)","background-image":"","background-repeat":"repeat","background-position":"center center","background-size":"auto","background-attachment":"scroll","background-type":"","background-media":"","overlay-type":"","overlay-color":"","overlay-opacity":"","overlay-gradient":""},"tablet":{"background-color":"var(--ast-global-color-5)","background-image":"","background-repeat":"repeat","background-position":"center center","background-size":"auto","background-attachment":"scroll","background-type":"","background-media":"","overlay-type":"","overlay-color":"","overlay-opacity":"","overlay-gradient":""},"mobile":{"background-color":"var(--ast-global-color-5)","background-image":"","background-repeat":"repeat","background-position":"center center","background-size":"auto","background-attachment":"scroll","background-type":"","background-media":"","overlay-type":"","overlay-color":"","overlay-opacity":"","overlay-gradient":""}}},"product_brand":[],"product_cat":[61],"product_tag":[],"class_list":{"0":"post-13562","1":"product","2":"type-product","3":"status-publish","4":"has-post-thumbnail","6":"product_cat-zamowienie","7":"desktop-align-left","8":"tablet-align-left","9":"mobile-align-left","11":"first","12":"onbackorder","13":"taxable","14":"shipping-taxable","15":"purchasable","16":"product-type-simple"},"aioseo_notices":[],"_links":{"self":[{"href":"https:\/\/sztukomania.pl\/index.php?rest_route=\/wp\/v2\/product\/13562","targetHints":{"allow":["GET"]}}],"collection":[{"href":"https:\/\/sztukomania.pl\/index.php?rest_route=\/wp\/v2\/product"}],"about":[{"href":"https:\/\/sztukomania.pl\/index.php?rest_route=\/wp\/v2\/types\/product"}],"replies":[{"embeddable":true,"href":"https:\/\/sztukomania.pl\/index.php?rest_route=%2Fwp%2Fv2%2Fcomments&post=13562"}],"version-history":[{"count":3,"href":"https:\/\/sztukomania.pl\/index.php?rest_route=\/wp\/v2\/product\/13562\/revisions"}],"predecessor-version":[{"id":14922,"href":"https:\/\/sztukomania.pl\/index.php?rest_route=\/wp\/v2\/product\/13562\/revisions\/14922"}],"wp:featuredmedia":[{"embeddable":true,"href":"https:\/\/sztukomania.pl\/index.php?rest_route=\/wp\/v2\/media\/14899"}],"wp:attachment":[{"href":"https:\/\/sztukomania.pl\/index.php?rest_route=%2Fwp%2Fv2%2Fmedia&parent=13562"}],"wp:term":[{"taxonomy":"product_brand","embeddable":true,"href":"https:\/\/sztukomania.pl\/index.php?rest_route=%2Fwp%2Fv2%2Fproduct_brand&post=13562"},{"taxonomy":"product_cat","embeddable":true,"href":"https:\/\/sztukomania.pl\/index.php?rest_route=%2Fwp%2Fv2%2Fproduct_cat&post=13562"},{"taxonomy":"product_tag","embeddable":true,"href":"https:\/\/sztukomania.pl\/index.php?rest_route=%2Fwp%2Fv2%2Fproduct_tag&post=13562"}],"curies":[{"name":"wp","href":"https:\/\/api.w.org\/{rel}","templated":true}]}}