{"id":10686,"date":"2024-07-22T16:45:26","date_gmt":"2024-07-22T15:45:26","guid":{"rendered":"https:\/\/sztukomania.pl\/?post_type=product&#038;p=10686"},"modified":"2024-07-22T16:45:26","modified_gmt":"2024-07-22T15:45:26","slug":"unikatowa-podkladka-jesionowa","status":"publish","type":"product","link":"https:\/\/sztukomania.pl\/?product=unikatowa-podkladka-jesionowa","title":{"rendered":"Unikatowa podk\u0142\u0105dka jesionowa"},"content":{"rendered":"<p>Podk\u0142adka jesionowa uniwersalna, mo\u017ce s\u0142u\u017cy\u0107 zar\u00f3wno jako dekoracja na st\u00f3\u0142 jak i do serwowania produkt\u00f3w spo\u017cywczych<\/p>\n<p><b>D\u0142ugo\u015b\u0107: <\/b>\u00a030 cm<\/p>\n<p><b>Wysoko\u015b\u0107: <\/b>4,5 cm<\/p>\n<p><strong>Rodzaj drewna<\/strong>\u00a0: JESION<\/p>\n<p>Produkt wykonany w ca\u0142o\u015bci r\u0119cznie<\/p>\n<p>Produkt pokryty naturalnym olejem zdatnym do kontaktu z \u017cywno\u015bci\u0105<\/p>\n","protected":false},"excerpt":{"rendered":"<p>Podk\u0142adka jesionowa uniwersalna, mo\u017ce s\u0142u\u017cy\u0107 zar\u00f3wno jako dekoracja na st\u00f3\u0142 jak i do serwowania produkt\u00f3w spo\u017cywczych D\u0142ugo\u015b\u0107: \u00a030 cm Wysoko\u015b\u0107: 4,5 cm Rodzaj drewna\u00a0: JESION Produkt wykonany w ca\u0142o\u015bci r\u0119cznie Produkt pokryty naturalnym olejem zdatnym do kontaktu z \u017cywno\u015bci\u0105<\/p>\n","protected":false},"featured_media":10581,"comment_status":"open","ping_status":"closed","template":"","meta":{"om_disable_all_campaigns":false,"_monsterinsights_skip_tracking":false,"_monsterinsights_sitenote_active":false,"_monsterinsights_sitenote_note":"","_monsterinsights_sitenote_category":0,"_uf_show_specific_survey":0,"_uf_disable_surveys":false,"site-sidebar-layout":"default","site-content-layout":"","ast-site-content-layout":"default","site-content-style":"default","site-sidebar-style":"default","ast-global-header-display":"","ast-banner-title-visibility":"","ast-main-header-display":"","ast-hfb-above-header-display":"","ast-hfb-below-header-display":"","ast-hfb-mobile-header-display":"","site-post-title":"","ast-breadcrumbs-content":"","ast-featured-img":"","footer-sml-layout":"","ast-disable-related-posts":"","theme-transparent-header-meta":"default","adv-header-id-meta":"","stick-header-meta":"","header-above-stick-meta":"","header-main-stick-meta":"","header-below-stick-meta":"","astra-migrate-meta-layouts":"set","ast-page-background-enabled":"default","ast-page-background-meta":{"desktop":{"background-color":"","background-image":"","background-repeat":"repeat","background-position":"center center","background-size":"auto","background-attachment":"scroll","background-type":"","background-media":"","overlay-type":"","overlay-color":"","overlay-opacity":"","overlay-gradient":""},"tablet":{"background-color":"","background-image":"","background-repeat":"repeat","background-position":"center center","background-size":"auto","background-attachment":"scroll","background-type":"","background-media":"","overlay-type":"","overlay-color":"","overlay-opacity":"","overlay-gradient":""},"mobile":{"background-color":"","background-image":"","background-repeat":"repeat","background-position":"center center","background-size":"auto","background-attachment":"scroll","background-type":"","background-media":"","overlay-type":"","overlay-color":"","overlay-opacity":"","overlay-gradient":""}},"ast-content-background-meta":{"desktop":{"background-color":"var(--ast-global-color-5)","background-image":"","background-repeat":"repeat","background-position":"center center","background-size":"auto","background-attachment":"scroll","background-type":"","background-media":"","overlay-type":"","overlay-color":"","overlay-opacity":"","overlay-gradient":""},"tablet":{"background-color":"var(--ast-global-color-5)","background-image":"","background-repeat":"repeat","background-position":"center center","background-size":"auto","background-attachment":"scroll","background-type":"","background-media":"","overlay-type":"","overlay-color":"","overlay-opacity":"","overlay-gradient":""},"mobile":{"background-color":"var(--ast-global-color-5)","background-image":"","background-repeat":"repeat","background-position":"center center","background-size":"auto","background-attachment":"scroll","background-type":"","background-media":"","overlay-type":"","overlay-color":"","overlay-opacity":"","overlay-gradient":""}}},"product_brand":[],"product_cat":[33,31],"product_tag":[],"class_list":{"0":"post-10686","1":"product","2":"type-product","3":"status-publish","4":"has-post-thumbnail","6":"product_cat-other_wood","7":"product_cat-wood","8":"desktop-align-left","9":"tablet-align-left","10":"mobile-align-left","12":"first","13":"instock","14":"taxable","15":"shipping-taxable","16":"purchasable","17":"product-type-simple"},"aioseo_notices":[],"_links":{"self":[{"href":"https:\/\/sztukomania.pl\/index.php?rest_route=\/wp\/v2\/product\/10686","targetHints":{"allow":["GET"]}}],"collection":[{"href":"https:\/\/sztukomania.pl\/index.php?rest_route=\/wp\/v2\/product"}],"about":[{"href":"https:\/\/sztukomania.pl\/index.php?rest_route=\/wp\/v2\/types\/product"}],"replies":[{"embeddable":true,"href":"https:\/\/sztukomania.pl\/index.php?rest_route=%2Fwp%2Fv2%2Fcomments&post=10686"}],"version-history":[{"count":1,"href":"https:\/\/sztukomania.pl\/index.php?rest_route=\/wp\/v2\/product\/10686\/revisions"}],"predecessor-version":[{"id":10687,"href":"https:\/\/sztukomania.pl\/index.php?rest_route=\/wp\/v2\/product\/10686\/revisions\/10687"}],"wp:featuredmedia":[{"embeddable":true,"href":"https:\/\/sztukomania.pl\/index.php?rest_route=\/wp\/v2\/media\/10581"}],"wp:attachment":[{"href":"https:\/\/sztukomania.pl\/index.php?rest_route=%2Fwp%2Fv2%2Fmedia&parent=10686"}],"wp:term":[{"taxonomy":"product_brand","embeddable":true,"href":"https:\/\/sztukomania.pl\/index.php?rest_route=%2Fwp%2Fv2%2Fproduct_brand&post=10686"},{"taxonomy":"product_cat","embeddable":true,"href":"https:\/\/sztukomania.pl\/index.php?rest_route=%2Fwp%2Fv2%2Fproduct_cat&post=10686"},{"taxonomy":"product_tag","embeddable":true,"href":"https:\/\/sztukomania.pl\/index.php?rest_route=%2Fwp%2Fv2%2Fproduct_tag&post=10686"}],"curies":[{"name":"wp","href":"https:\/\/api.w.org\/{rel}","templated":true}]}}