{"id":10598,"date":"2024-07-22T12:51:59","date_gmt":"2024-07-22T11:51:59","guid":{"rendered":"https:\/\/sztukomania.pl\/?post_type=product&#038;p=10598"},"modified":"2024-07-22T12:51:59","modified_gmt":"2024-07-22T11:51:59","slug":"jesionowy-pieniek-opalany","status":"publish","type":"product","link":"https:\/\/sztukomania.pl\/?product=jesionowy-pieniek-opalany","title":{"rendered":"Jesionowy pieniek opalany"},"content":{"rendered":"<p>Jesionowy pieniek opalany, lakierowany.<\/p>\n<p>Pieniek idealnie sprawdzi si\u0119 jako dekoracyjny dodatek do domu.<\/p>\n<p><strong>Wysoko\u015b\u0107 : <\/strong>34 cm<\/p>\n<p><strong>\u015arednica :\u00a0<\/strong> 19 cm<\/p>\n<p><strong>Materia\u0142 :\u00a0<\/strong>JESION<\/p>\n<p>Stolik<span style=\"font-size: 16px;\">, na kt\u00f3rym mo\u017cesz umie\u015bci\u0107 zar\u00f3wno ksi\u0105\u017ck\u0119 czy doniczk\u0119 z kwiatem, ale przede wszystkim polubi si\u0119 z kaw\u0105 podczas chwili relaksu w domu \ud83d\ude42<\/span><\/p>\n<p>Pieniek stanowi unikatow\u0105 dekoracje do Twojego wn\u0119trza, poprzez swoj\u0105 uniwersalno\u015b\u0107 pasuje zar\u00f3wno do sypialni jak i salonu i pozosta\u0142ych pomieszcze\u0144.<\/p>\n<p>Pieniek ma g\u0142adk\u0105 struktur\u0119, jest wyszlifowany oraz dwukrotnie polakierowany p\u00f3\u0142 matowym lakierem.<\/p>\n<p>UWAGA! Ka\u017cdy produkt jest robiony r\u0119cznie na zam\u00f3wienie. Ostateczny efekt mo\u017ce r\u00f3\u017cni\u0107 si\u0119 od tego widocznego na zdj\u0119ciach, poniewa\u017c ka\u017cda nowa partia drewna mo\u017ce mie\u0107 inne s\u0142oje, odcie\u0144 czy p\u0119kni\u0119cia.<\/p>\n","protected":false},"excerpt":{"rendered":"<p>Jesionowy pieniek opalany, lakierowany. Pieniek idealnie sprawdzi si\u0119 jako dekoracyjny dodatek do domu. Wysoko\u015b\u0107 : 34 cm \u015arednica :\u00a0 19 cm Materia\u0142 :\u00a0JESION Stolik, na kt\u00f3rym mo\u017cesz umie\u015bci\u0107 zar\u00f3wno ksi\u0105\u017ck\u0119 czy doniczk\u0119 z kwiatem, ale przede wszystkim polubi si\u0119 z kaw\u0105 podczas chwili relaksu w domu \ud83d\ude42 Pieniek stanowi unikatow\u0105 dekoracje do Twojego wn\u0119trza, poprzez [&hellip;]<\/p>\n","protected":false},"featured_media":10545,"comment_status":"open","ping_status":"closed","template":"","meta":{"om_disable_all_campaigns":false,"_monsterinsights_skip_tracking":false,"_monsterinsights_sitenote_active":false,"_monsterinsights_sitenote_note":"","_monsterinsights_sitenote_category":0,"_uf_show_specific_survey":0,"_uf_disable_surveys":false,"site-sidebar-layout":"default","site-content-layout":"","ast-site-content-layout":"default","site-content-style":"default","site-sidebar-style":"default","ast-global-header-display":"","ast-banner-title-visibility":"","ast-main-header-display":"","ast-hfb-above-header-display":"","ast-hfb-below-header-display":"","ast-hfb-mobile-header-display":"","site-post-title":"","ast-breadcrumbs-content":"","ast-featured-img":"","footer-sml-layout":"","ast-disable-related-posts":"","theme-transparent-header-meta":"default","adv-header-id-meta":"","stick-header-meta":"","header-above-stick-meta":"","header-main-stick-meta":"","header-below-stick-meta":"","astra-migrate-meta-layouts":"set","ast-page-background-enabled":"default","ast-page-background-meta":{"desktop":{"background-color":"","background-image":"","background-repeat":"repeat","background-position":"center center","background-size":"auto","background-attachment":"scroll","background-type":"","background-media":"","overlay-type":"","overlay-color":"","overlay-opacity":"","overlay-gradient":""},"tablet":{"background-color":"","background-image":"","background-repeat":"repeat","background-position":"center center","background-size":"auto","background-attachment":"scroll","background-type":"","background-media":"","overlay-type":"","overlay-color":"","overlay-opacity":"","overlay-gradient":""},"mobile":{"background-color":"","background-image":"","background-repeat":"repeat","background-position":"center center","background-size":"auto","background-attachment":"scroll","background-type":"","background-media":"","overlay-type":"","overlay-color":"","overlay-opacity":"","overlay-gradient":""}},"ast-content-background-meta":{"desktop":{"background-color":"var(--ast-global-color-5)","background-image":"","background-repeat":"repeat","background-position":"center center","background-size":"auto","background-attachment":"scroll","background-type":"","background-media":"","overlay-type":"","overlay-color":"","overlay-opacity":"","overlay-gradient":""},"tablet":{"background-color":"var(--ast-global-color-5)","background-image":"","background-repeat":"repeat","background-position":"center center","background-size":"auto","background-attachment":"scroll","background-type":"","background-media":"","overlay-type":"","overlay-color":"","overlay-opacity":"","overlay-gradient":""},"mobile":{"background-color":"var(--ast-global-color-5)","background-image":"","background-repeat":"repeat","background-position":"center center","background-size":"auto","background-attachment":"scroll","background-type":"","background-media":"","overlay-type":"","overlay-color":"","overlay-opacity":"","overlay-gradient":""}}},"product_brand":[],"product_cat":[33,31],"product_tag":[],"class_list":{"0":"post-10598","1":"product","2":"type-product","3":"status-publish","4":"has-post-thumbnail","6":"product_cat-other_wood","7":"product_cat-wood","8":"desktop-align-left","9":"tablet-align-left","10":"mobile-align-left","12":"first","13":"instock","14":"taxable","15":"shipping-taxable","16":"purchasable","17":"product-type-simple"},"aioseo_notices":[],"_links":{"self":[{"href":"https:\/\/sztukomania.pl\/index.php?rest_route=\/wp\/v2\/product\/10598","targetHints":{"allow":["GET"]}}],"collection":[{"href":"https:\/\/sztukomania.pl\/index.php?rest_route=\/wp\/v2\/product"}],"about":[{"href":"https:\/\/sztukomania.pl\/index.php?rest_route=\/wp\/v2\/types\/product"}],"replies":[{"embeddable":true,"href":"https:\/\/sztukomania.pl\/index.php?rest_route=%2Fwp%2Fv2%2Fcomments&post=10598"}],"version-history":[{"count":2,"href":"https:\/\/sztukomania.pl\/index.php?rest_route=\/wp\/v2\/product\/10598\/revisions"}],"predecessor-version":[{"id":10601,"href":"https:\/\/sztukomania.pl\/index.php?rest_route=\/wp\/v2\/product\/10598\/revisions\/10601"}],"wp:featuredmedia":[{"embeddable":true,"href":"https:\/\/sztukomania.pl\/index.php?rest_route=\/wp\/v2\/media\/10545"}],"wp:attachment":[{"href":"https:\/\/sztukomania.pl\/index.php?rest_route=%2Fwp%2Fv2%2Fmedia&parent=10598"}],"wp:term":[{"taxonomy":"product_brand","embeddable":true,"href":"https:\/\/sztukomania.pl\/index.php?rest_route=%2Fwp%2Fv2%2Fproduct_brand&post=10598"},{"taxonomy":"product_cat","embeddable":true,"href":"https:\/\/sztukomania.pl\/index.php?rest_route=%2Fwp%2Fv2%2Fproduct_cat&post=10598"},{"taxonomy":"product_tag","embeddable":true,"href":"https:\/\/sztukomania.pl\/index.php?rest_route=%2Fwp%2Fv2%2Fproduct_tag&post=10598"}],"curies":[{"name":"wp","href":"https:\/\/api.w.org\/{rel}","templated":true}]}}