{"id":1115,"date":"2020-07-27T12:14:15","date_gmt":"2020-07-27T12:14:15","guid":{"rendered":"http:\/\/sztukomania.pl\/?page_id=1115"},"modified":"2020-07-27T12:15:08","modified_gmt":"2020-07-27T12:15:08","slug":"warunki-zwrotow","status":"publish","type":"page","link":"https:\/\/sztukomania.pl\/?page_id=1115","title":{"rendered":"Warunki zwrot\u00f3w"},"content":{"rendered":"\t\t<div data-elementor-type=\"wp-page\" data-elementor-id=\"1115\" class=\"elementor elementor-1115\" data-elementor-post-type=\"page\">\n\t\t\t\t\t\t<section class=\"elementor-section elementor-top-section elementor-element elementor-element-95a7d02 elementor-section-boxed elementor-section-height-default elementor-section-height-default\" data-id=\"95a7d02\" data-element_type=\"section\">\n\t\t\t\t\t\t<div class=\"elementor-container elementor-column-gap-default\">\n\t\t\t\t\t<div class=\"elementor-column elementor-col-100 elementor-top-column elementor-element elementor-element-b459a20\" data-id=\"b459a20\" data-element_type=\"column\">\n\t\t\t<div class=\"elementor-widget-wrap elementor-element-populated\">\n\t\t\t\t\t\t<div class=\"elementor-element elementor-element-f12aafa elementor-widget elementor-widget-heading\" data-id=\"f12aafa\" data-element_type=\"widget\" data-widget_type=\"heading.default\">\n\t\t\t\t<div class=\"elementor-widget-container\">\n\t\t\t\t\t<h2 class=\"elementor-heading-title elementor-size-default\">Warunki zwrot\u00f3w<\/h2>\t\t\t\t<\/div>\n\t\t\t\t<\/div>\n\t\t\t\t\t<\/div>\n\t\t<\/div>\n\t\t\t\t\t<\/div>\n\t\t<\/section>\n\t\t\t\t<section class=\"elementor-section elementor-top-section elementor-element elementor-element-ca07611 elementor-section-boxed elementor-section-height-default elementor-section-height-default\" data-id=\"ca07611\" data-element_type=\"section\">\n\t\t\t\t\t\t<div class=\"elementor-container elementor-column-gap-default\">\n\t\t\t\t\t<div class=\"elementor-column elementor-col-100 elementor-top-column elementor-element elementor-element-72de7a9\" data-id=\"72de7a9\" data-element_type=\"column\">\n\t\t\t<div class=\"elementor-widget-wrap elementor-element-populated\">\n\t\t\t\t\t\t<div class=\"elementor-element elementor-element-957d505 elementor-widget elementor-widget-text-editor\" data-id=\"957d505\" data-element_type=\"widget\" data-widget_type=\"text-editor.default\">\n\t\t\t\t<div class=\"elementor-widget-container\">\n\t\t\t\t\t\t\t\t\t<p align=\"JUSTIFY\" style=\"margin-top: 0.21cm; background-image: initial; background-position: initial; background-size: initial; background-repeat: initial; background-attachment: initial; background-origin: initial; background-clip: initial; line-height: 150%;\"><br><a><\/a><\/p><ol>\n\t<li><p align=\"JUSTIFY\" style=\"margin-bottom: 0cm; line-height: 150%\"><font face=\"Calibri, serif\"><font face=\"Calibri, serif\"><font size=\"2\">Klient\n\tb\u0119d\u0105cy Konsumentem w rozumieniu art.&nbsp;22[1]<\/font><\/font><sup><font face=\"Calibri, serif\"><font size=\"2\">&nbsp;<\/font><\/font><\/sup><font face=\"Calibri, serif\"><font size=\"2\">Kodeksu\n\tCywilnego mo\u017ce odst\u0105pi\u0107 od zawartej Umowy sprzeda\u017cy bez podania\n\tprzyczyny poprzez z\u0142o\u017cenie stosownego o\u015bwiadczenia w terminie 14\n\tdni. Do zachowania tego terminu wystarczy wys\u0142anie o\u015bwiadczenia\n\tprzed jego up\u0142ywem. <\/font><\/font><\/font>\n\t<\/p>\n\t<\/li><li><p align=\"JUSTIFY\" style=\"margin-bottom: 0cm; background-image: initial; background-position: initial; background-size: initial; background-repeat: initial; background-attachment: initial; background-origin: initial; background-clip: initial; line-height: 150%;\">\n\t<font face=\"Calibri, serif\">Klient\n\tmo\u017ce sformu\u0142owa\u0107 o\u015bwiadczenie samodzielnie b\u0105d\u017a skorzysta\u0107 ze\n\twzoru o\u015bwiadczenia <br>o&nbsp;odst\u0105pieniu od Umowy, kt\u00f3ry\n\tudost\u0119pnia Sprzedawca.<\/font><\/p>\n\t<\/li><li><p align=\"JUSTIFY\" style=\"margin-bottom: 0cm; background-image: initial; background-position: initial; background-size: initial; background-repeat: initial; background-attachment: initial; background-origin: initial; background-clip: initial; line-height: 150%;\">\n\t<font face=\"Calibri, serif\">Termin\n\t14-dniowy liczy si\u0119 od dnia, w kt\u00f3rym nast\u0105pi\u0142o dostarczenie\n\tTowaru lub w przypadku umowy o&nbsp;\u015bwiadczenie Us\u0142ug od dnia jej\n\tzawarcia.<\/font><\/p>\n\t<\/li><li><p align=\"JUSTIFY\" style=\"margin-bottom: 0cm; line-height: 150%\"><font face=\"Calibri, serif\">Sprzedawca\n\tz chwil\u0105 otrzymania o\u015bwiadczenia o odst\u0105pieniu od Umowy przez\n\tKonsumenta prze\u015ble na adres poczty elektronicznej Konsumenta\n\tpotwierdzenie otrzymania o\u015bwiadczenia o odst\u0105pieniu od Umowy.<\/font><\/p>\n\t<\/li><li><p align=\"JUSTIFY\" style=\"margin-bottom: 0cm; background-image: initial; background-position: initial; background-size: initial; background-repeat: initial; background-attachment: initial; background-origin: initial; background-clip: initial; line-height: 150%;\">\n\t<font face=\"Calibri, serif\">Prawo\n\tdo odst\u0105pienia od Umowy przez Konsumenta jest wy\u0142\u0105czone\n\tw&nbsp;przypadku:<\/font><\/p>\n<\/li><\/ol><ol type=\"a\">\n\t\n\t\t<li><p align=\"JUSTIFY\" style=\"margin-bottom: 0cm; background-image: initial; background-position: initial; background-size: initial; background-repeat: initial; background-attachment: initial; background-origin: initial; background-clip: initial; line-height: 150%;\">\n\t\t<font face=\"Calibri, serif\">\u015bwiadczenia\n\t\tus\u0142ug, je\u017celi Sprzedawca wykona\u0142 w pe\u0142ni us\u0142ug\u0119 za wyra\u017an\u0105\n\t\tzgod\u0105 konsumenta, kt\u00f3ry zosta\u0142 poinformowany przed rozpocz\u0119ciem\n\t\t\u015bwiadczenia, \u017ce po spe\u0142nieniu \u015bwiadczenia przez Sprzedawc\u0119\n\t\tutraci prawo odst\u0105pienia od Umowy;<\/font><\/p>\n\t\t<\/li><li><p align=\"JUSTIFY\" style=\"margin-bottom: 0cm; background-image: initial; background-position: initial; background-size: initial; background-repeat: initial; background-attachment: initial; background-origin: initial; background-clip: initial; line-height: 150%;\">\n\t\t<font face=\"Calibri, serif\">Umowy,\n\t\tw kt\u00f3rej cena lub wynagrodzenie zale\u017cy od waha\u0144 na rynku\n\t\tfinansowym, nad kt\u00f3rymi Sprzedawca nie sprawuje kontroli, i kt\u00f3re\n\t\tmog\u0105 wyst\u0105pi\u0107 przed up\u0142ywem terminu do odst\u0105pienia od Umowy;<\/font><\/p>\n\t\t<\/li><li><p align=\"JUSTIFY\" style=\"margin-bottom: 0cm; background-image: initial; background-position: initial; background-size: initial; background-repeat: initial; background-attachment: initial; background-origin: initial; background-clip: initial; line-height: 150%;\">\n\t\t<font face=\"Calibri, serif\">Umowy,\n\t\tw kt\u00f3rej przedmiotem \u015bwiadczenia jest Towar ulegaj\u0105cy szybkiemu\n\t\tzepsuciu lub maj\u0105cy kr\u00f3tki termin przydatno\u015bci do u\u017cycia;<\/font><\/p>\n\t\t<\/li><li><p align=\"JUSTIFY\" style=\"margin-bottom: 0cm; background-image: initial; background-position: initial; background-size: initial; background-repeat: initial; background-attachment: initial; background-origin: initial; background-clip: initial; line-height: 150%;\">\n\t\t<font face=\"Calibri, serif\">Umowy,\n\t\tw kt\u00f3rej przedmiotem \u015bwiadczenia jest Towar nieprefabrykowany,\n\t\twyprodukowany wed\u0142ug specyfikacji Konsumenta lub s\u0142u\u017c\u0105cy\n\t\tzaspokojeniu jego zindywidualizowanych potrzeb;<\/font><\/p>\n\t\t<\/li><li><p align=\"JUSTIFY\" style=\"margin-bottom: 0cm; background-image: initial; background-position: initial; background-size: initial; background-repeat: initial; background-attachment: initial; background-origin: initial; background-clip: initial; line-height: 150%;\">\n\t\t<font face=\"Calibri, serif\">Umowy,\n\t\tw&nbsp;kt\u00f3rej przedmiotem \u015bwiadczenia jest Towar dostarczany\n\t\tw&nbsp;zapiecz\u0119towanym opakowaniu, kt\u00f3rego po otwarciu opakowania\n\t\tnie mo\u017cna zwr\u00f3ci\u0107 ze wzgl\u0119du na ochron\u0119 zdrowia lub ze\n\t\twzgl\u0119d\u00f3w higienicznych, je\u017celi opakowanie zosta\u0142o otwarte po\n\t\tdostarczeniu;<\/font><\/p>\n\t\t<\/li><li><p align=\"JUSTIFY\" style=\"margin-bottom: 0cm; background-image: initial; background-position: initial; background-size: initial; background-repeat: initial; background-attachment: initial; background-origin: initial; background-clip: initial; line-height: 150%;\">\n\t\t<font face=\"Calibri, serif\">Umowy,\n\t\tw kt\u00f3rej przedmiotem \u015bwiadczenia s\u0105 Towary, kt\u00f3re po\n\t\tdostarczeniu, ze wzgl\u0119du na sw\u00f3j charakter, zostaj\u0105\n\t\tnieroz\u0142\u0105cznie po\u0142\u0105czone z innymi rzeczami;<\/font><\/p>\n\t\t<\/li><li><p align=\"JUSTIFY\" style=\"margin-bottom: 0cm; background-image: initial; background-position: initial; background-size: initial; background-repeat: initial; background-attachment: initial; background-origin: initial; background-clip: initial; line-height: 150%;\">\n\t\t<font face=\"Calibri, serif\">Umowy,\n\t\tw kt\u00f3rej przedmiotem \u015bwiadczenia s\u0105 napoje alkoholowe, kt\u00f3rych\n\t\tcena zosta\u0142a uzgodniona przy zawarciu Umowy Sprzeda\u017cy, a kt\u00f3rych\n\t\tdostarczenie mo\u017ce nast\u0105pi\u0107 dopiero po up\u0142ywie 30 dni i kt\u00f3rych\n\t\twarto\u015b\u0107 zale\u017cy od waha\u0144 na rynku, nad kt\u00f3rymi Sprzedawca nie\n\t\tma kontroli;<\/font><\/p>\n\t\t<\/li><li><p align=\"JUSTIFY\" style=\"margin-bottom: 0cm; background-image: initial; background-position: initial; background-size: initial; background-repeat: initial; background-attachment: initial; background-origin: initial; background-clip: initial; line-height: 150%;\">\n\t\t<font face=\"Calibri, serif\">Umowy,\n\t\tw kt\u00f3rej Konsument wyra\u017anie \u017c\u0105da\u0142, aby Sprzedawca do niego\n\t\tprzyjecha\u0142 w celu dokonania pilnej naprawy lub konserwacji; je\u017celi\n\t\tSprzedawca \u015bwiadczy dodatkowo inne us\u0142ugi ni\u017c te, kt\u00f3rych\n\t\twykonania Konsument \u017c\u0105da\u0142, lub dostarcza Towary inne ni\u017c cz\u0119\u015bci\n\t\tzamienne niezb\u0119dne do wykonania naprawy lub konserwacji, prawo\n\t\todst\u0105pienia od Umowy przys\u0142uguje Konsumentowi w odniesieniu do\n\t\tdodatkowych us\u0142ug lub Towar\u00f3w;<\/font><\/p>\n\t\t<\/li><li><p align=\"JUSTIFY\" style=\"margin-bottom: 0cm; background-image: initial; background-position: initial; background-size: initial; background-repeat: initial; background-attachment: initial; background-origin: initial; background-clip: initial; line-height: 150%;\">\n\t\t<font face=\"Calibri, serif\">Umowy,\n\t\tw kt\u00f3rej przedmiotem \u015bwiadczenia s\u0105 nagrania d\u017awi\u0119kowe lub\n\t\twizualne albo programy komputerowe dostarczane w zapiecz\u0119towanym\n\t\topakowaniu, je\u017celi opakowanie zosta\u0142o otwarte po dostarczeniu;\n\t\tdostarczanie dziennik\u00f3w, periodyk\u00f3w lub czasopism, z wyj\u0105tkiem\n\t\tUmowy o prenumerat\u0119;<\/font><\/p>\n\t\t<\/li><li><p align=\"JUSTIFY\" style=\"margin-bottom: 0cm; background-image: initial; background-position: initial; background-size: initial; background-repeat: initial; background-attachment: initial; background-origin: initial; background-clip: initial; line-height: 150%;\">\n\t\t<font face=\"Calibri, serif\">Umowy\n\t\tzawartej w drodze aukcji publicznej;<\/font><\/p>\n\t\t<\/li><li><p align=\"JUSTIFY\" style=\"margin-bottom: 0cm; background-image: initial; background-position: initial; background-size: initial; background-repeat: initial; background-attachment: initial; background-origin: initial; background-clip: initial; line-height: 150%;\">\n\t\t<font face=\"Calibri, serif\">Umowy\n\t\to \u015bwiadczenie us\u0142ug w zakresie zakwaterowania, innych ni\u017c do\n\t\tcel\u00f3w mieszkalnych, przewozu rzeczy, najmu samochod\u00f3w,\n\t\tgastronomii, us\u0142ug zwi\u0105zanych z wypoczynkiem, wydarzeniami\n\t\trozrywkowymi, sportowymi lub kulturalnymi, je\u017celi w umowie\n\t\toznaczono dzie\u0144 lub okres \u015bwiadczenia us\u0142ugi;<\/font><\/p>\n\t\t<\/li><li><p align=\"JUSTIFY\" style=\"margin-bottom: 0cm; background-image: initial; background-position: initial; background-size: initial; background-repeat: initial; background-attachment: initial; background-origin: initial; background-clip: initial; line-height: 150%;\">\n\t\t<font face=\"Calibri, serif\">Umowy\n\t\to dostarczanie tre\u015bci cyfrowych, kt\u00f3re nie s\u0105 zapisane na\n\t\tno\u015bniku materialnym, je\u017celi spe\u0142nianie \u015bwiadczenia rozpocz\u0119\u0142o\n\t\tsi\u0119 za wyra\u017an\u0105 zgod\u0105 Konsumenta przed up\u0142ywem terminu do\n\t\todst\u0105pienia od Umowy i po poinformowaniu go przez Sprzedawc\u0119 o\n\t\tutracie prawa odst\u0105pienia od Umowy.<\/font><\/p>\n\t<\/li>\n<\/ol><ol start=\"6\">\n\t<li><p align=\"JUSTIFY\" style=\"margin-bottom: 0cm; background-image: initial; background-position: initial; background-size: initial; background-repeat: initial; background-attachment: initial; background-origin: initial; background-clip: initial; line-height: 150%;\">\n\t<font face=\"Calibri, serif\">W\n\tprzypadku odst\u0105pienia od Umowy zawartej na odleg\u0142o\u015b\u0107, Umowa jest\n\tuwa\u017cana za niezawart\u0105. To, co strony \u015bwiadczy\u0142y, ulega zwrotowi\n\tw stanie niezmienionym, chyba \u017ce zmiana by\u0142a konieczna w granicach\n\tzwyk\u0142ego zarz\u0105du, a w szczeg\u00f3lno\u015bci stwierdzenia charakteru,\n\tcech i funkcjonowania rzeczy. Zwrot powinien nast\u0105pi\u0107\n\tniezw\u0142ocznie, nie p\u00f3\u017aniej ni\u017c w terminie 14 dni. Zakupiony Towar\n\tnale\u017cy zwr\u00f3ci\u0107 na adres Sprzedawcy.<\/font><\/p>\n\t<\/li><li><p align=\"JUSTIFY\" style=\"margin-bottom: 0cm; background-image: initial; background-position: initial; background-size: initial; background-repeat: initial; background-attachment: initial; background-origin: initial; background-clip: initial; line-height: 150%;\">\n\t<font face=\"Calibri, serif\">Sprzedawca\n\tniezw\u0142ocznie, jednak nie p\u00f3\u017aniej ni\u017c w terminie 14 dni od dnia\n\totrzymania o\u015bwiadczenia Konsumenta o odst\u0105pieniu od Umowy zwr\u00f3ci\n\tKonsumentowi wszystkie dokonane przez niego p\u0142atno\u015bci, w&nbsp;tym\n\tkoszty dostarczenia Towaru. Sprzedawca dokonuje zwrotu p\u0142atno\u015bci\n\tprzy u\u017cyciu takiego samego sposobu zap\u0142aty, jakiego u\u017cy\u0142\n\tKonsument, chyba, \u017ce Konsument wyrazi zgod\u0119 na inny spos\u00f3b\n\tzwrotu, przy czym spos\u00f3b ten nie b\u0119dzie si\u0119 wi\u0105za\u0142 dla\n\tKonsumenta z \u017cadnym kosztem. Sprzedawca mo\u017ce wstrzyma\u0107 si\u0119 ze\n\tzwrotem p\u0142atno\u015bci otrzymanych od Klienta do chwili otrzymania\n\trzeczy z powrotem lub dostarczenia przez Klienta dowodu jej\n\todes\u0142ania, w zale\u017cno\u015bci od tego, kt\u00f3re zdarzenie nast\u0105pi\n\twcze\u015bniej, chyba \u017ce Sprzedawca zaproponowa\u0142, \u017ce sam odbierze\n\trzecz od Klienta.<\/font><\/p>\n\t<\/li><li><p align=\"JUSTIFY\" style=\"margin-bottom: 0cm; background-image: initial; background-position: initial; background-size: initial; background-repeat: initial; background-attachment: initial; background-origin: initial; background-clip: initial; line-height: 150%;\">\n\t<font face=\"Calibri, serif\">Je\u017celi\n\tKonsument wybra\u0142 spos\u00f3b dostarczenia Towaru inny ni\u017c najta\u0144szy\n\tzwyk\u0142y spos\u00f3b dostarczenia oferowany przez Sprzedawc\u0119, Sprzedawca\n\tnie jest zobowi\u0105zany do zwrotu Konsumentowi poniesionych przez\n\tniego dodatkowych koszt\u00f3w.&nbsp;<\/font><\/p>\n\t<\/li><li><p align=\"JUSTIFY\" style=\"margin-bottom: 0cm; background-image: initial; background-position: initial; background-size: initial; background-repeat: initial; background-attachment: initial; background-origin: initial; background-clip: initial; line-height: 150%;\">\n\t<font face=\"Calibri, serif\">Klient\n\tponosi tylko bezpo\u015bredni koszt zwrotu Towaru, chyba \u017ce Sprzedawca\n\tzgodzi\u0142 si\u0119 je ponie\u015b\u0107.<\/font><\/p>\n<\/li><\/ol><p>\n\n\n\n\n<\/p><p align=\"JUSTIFY\" style=\"margin-left: 1.25cm; margin-bottom: 0cm; background-image: initial; background-position: initial; background-size: initial; background-repeat: initial; background-attachment: initial; background-origin: initial; background-clip: initial; line-height: 150%;\">\n<br>\n<\/p>\t\t\t\t\t\t\t\t<\/div>\n\t\t\t\t<\/div>\n\t\t\t\t\t<\/div>\n\t\t<\/div>\n\t\t\t\t\t<\/div>\n\t\t<\/section>\n\t\t\t\t<\/div>\n\t\t","protected":false},"excerpt":{"rendered":"<p>Warunki zwrot\u00f3w Klient b\u0119d\u0105cy Konsumentem w rozumieniu art.&nbsp;22[1]&nbsp;Kodeksu Cywilnego mo\u017ce odst\u0105pi\u0107 od zawartej Umowy sprzeda\u017cy bez podania przyczyny poprzez z\u0142o\u017cenie stosownego o\u015bwiadczenia w terminie 14 dni. Do zachowania tego terminu wystarczy wys\u0142anie o\u015bwiadczenia przed jego up\u0142ywem. Klient mo\u017ce sformu\u0142owa\u0107 o\u015bwiadczenie samodzielnie b\u0105d\u017a skorzysta\u0107 ze wzoru o\u015bwiadczenia o&nbsp;odst\u0105pieniu od Umowy, kt\u00f3ry udost\u0119pnia Sprzedawca. Termin 14-dniowy liczy [&hellip;]<\/p>\n","protected":false},"author":1,"featured_media":0,"parent":0,"menu_order":0,"comment_status":"closed","ping_status":"closed","template":"","meta":{"om_disable_all_campaigns":false,"_monsterinsights_skip_tracking":false,"_monsterinsights_sitenote_active":false,"_monsterinsights_sitenote_note":"","_monsterinsights_sitenote_category":0,"_uf_show_specific_survey":0,"_uf_disable_surveys":false,"site-sidebar-layout":"no-sidebar","site-content-layout":"page-builder","ast-site-content-layout":"default","site-content-style":"default","site-sidebar-style":"default","ast-global-header-display":"","ast-banner-title-visibility":"","ast-main-header-display":"","ast-hfb-above-header-display":"","ast-hfb-below-header-display":"","ast-hfb-mobile-header-display":"","site-post-title":"disabled","ast-breadcrumbs-content":"","ast-featured-img":"disabled","footer-sml-layout":"","ast-disable-related-posts":"","theme-transparent-header-meta":"default","adv-header-id-meta":"","stick-header-meta":"","header-above-stick-meta":"","header-main-stick-meta":"","header-below-stick-meta":"","astra-migrate-meta-layouts":"default","ast-page-background-enabled":"default","ast-page-background-meta":{"desktop":{"background-color":"","background-image":"","background-repeat":"repeat","background-position":"center center","background-size":"auto","background-attachment":"scroll","background-type":"","background-media":"","overlay-type":"","overlay-color":"","overlay-opacity":"","overlay-gradient":""},"tablet":{"background-color":"","background-image":"","background-repeat":"repeat","background-position":"center center","background-size":"auto","background-attachment":"scroll","background-type":"","background-media":"","overlay-type":"","overlay-color":"","overlay-opacity":"","overlay-gradient":""},"mobile":{"background-color":"","background-image":"","background-repeat":"repeat","background-position":"center center","background-size":"auto","background-attachment":"scroll","background-type":"","background-media":"","overlay-type":"","overlay-color":"","overlay-opacity":"","overlay-gradient":""}},"ast-content-background-meta":{"desktop":{"background-color":"var(--ast-global-color-5)","background-image":"","background-repeat":"repeat","background-position":"center center","background-size":"auto","background-attachment":"scroll","background-type":"","background-media":"","overlay-type":"","overlay-color":"","overlay-opacity":"","overlay-gradient":""},"tablet":{"background-color":"var(--ast-global-color-5)","background-image":"","background-repeat":"repeat","background-position":"center center","background-size":"auto","background-attachment":"scroll","background-type":"","background-media":"","overlay-type":"","overlay-color":"","overlay-opacity":"","overlay-gradient":""},"mobile":{"background-color":"var(--ast-global-color-5)","background-image":"","background-repeat":"repeat","background-position":"center center","background-size":"auto","background-attachment":"scroll","background-type":"","background-media":"","overlay-type":"","overlay-color":"","overlay-opacity":"","overlay-gradient":""}},"footnotes":""},"class_list":["post-1115","page","type-page","status-publish","hentry"],"aioseo_notices":[],"_links":{"self":[{"href":"https:\/\/sztukomania.pl\/index.php?rest_route=\/wp\/v2\/pages\/1115","targetHints":{"allow":["GET"]}}],"collection":[{"href":"https:\/\/sztukomania.pl\/index.php?rest_route=\/wp\/v2\/pages"}],"about":[{"href":"https:\/\/sztukomania.pl\/index.php?rest_route=\/wp\/v2\/types\/page"}],"author":[{"embeddable":true,"href":"https:\/\/sztukomania.pl\/index.php?rest_route=\/wp\/v2\/users\/1"}],"replies":[{"embeddable":true,"href":"https:\/\/sztukomania.pl\/index.php?rest_route=%2Fwp%2Fv2%2Fcomments&post=1115"}],"version-history":[{"count":2,"href":"https:\/\/sztukomania.pl\/index.php?rest_route=\/wp\/v2\/pages\/1115\/revisions"}],"predecessor-version":[{"id":1117,"href":"https:\/\/sztukomania.pl\/index.php?rest_route=\/wp\/v2\/pages\/1115\/revisions\/1117"}],"wp:attachment":[{"href":"https:\/\/sztukomania.pl\/index.php?rest_route=%2Fwp%2Fv2%2Fmedia&parent=1115"}],"curies":[{"name":"wp","href":"https:\/\/api.w.org\/{rel}","templated":true}]}}