{"id":1106,"date":"2020-07-27T12:00:32","date_gmt":"2020-07-27T12:00:32","guid":{"rendered":"http:\/\/sztukomania.pl\/?page_id=1106"},"modified":"2020-07-27T12:01:32","modified_gmt":"2020-07-27T12:01:32","slug":"warunki-reklamacji","status":"publish","type":"page","link":"https:\/\/sztukomania.pl\/?page_id=1106","title":{"rendered":"Warunki reklamacji"},"content":{"rendered":"\t\t<div data-elementor-type=\"wp-page\" data-elementor-id=\"1106\" class=\"elementor elementor-1106\" data-elementor-post-type=\"page\">\n\t\t\t\t\t\t<section class=\"elementor-section elementor-top-section elementor-element elementor-element-24ee52b elementor-section-boxed elementor-section-height-default elementor-section-height-default\" data-id=\"24ee52b\" data-element_type=\"section\">\n\t\t\t\t\t\t<div class=\"elementor-container elementor-column-gap-default\">\n\t\t\t\t\t<div class=\"elementor-column elementor-col-100 elementor-top-column elementor-element elementor-element-a6cca16\" data-id=\"a6cca16\" data-element_type=\"column\">\n\t\t\t<div class=\"elementor-widget-wrap elementor-element-populated\">\n\t\t\t\t\t\t<div class=\"elementor-element elementor-element-fca088f elementor-widget elementor-widget-heading\" data-id=\"fca088f\" data-element_type=\"widget\" data-widget_type=\"heading.default\">\n\t\t\t\t<div class=\"elementor-widget-container\">\n\t\t\t\t\t<h2 class=\"elementor-heading-title elementor-size-default\">Warunki reklamacji<\/h2>\t\t\t\t<\/div>\n\t\t\t\t<\/div>\n\t\t\t\t\t<\/div>\n\t\t<\/div>\n\t\t\t\t\t<\/div>\n\t\t<\/section>\n\t\t\t\t<section class=\"elementor-section elementor-top-section elementor-element elementor-element-37635ed elementor-section-boxed elementor-section-height-default elementor-section-height-default\" data-id=\"37635ed\" data-element_type=\"section\">\n\t\t\t\t\t\t<div class=\"elementor-container elementor-column-gap-default\">\n\t\t\t\t\t<div class=\"elementor-column elementor-col-100 elementor-top-column elementor-element elementor-element-885f4a8\" data-id=\"885f4a8\" data-element_type=\"column\">\n\t\t\t<div class=\"elementor-widget-wrap elementor-element-populated\">\n\t\t\t\t\t\t<div class=\"elementor-element elementor-element-44f879f elementor-widget elementor-widget-text-editor\" data-id=\"44f879f\" data-element_type=\"widget\" data-widget_type=\"text-editor.default\">\n\t\t\t\t<div class=\"elementor-widget-container\">\n\t\t\t\t\t\t\t\t\t<ol><li><p style=\"margin-bottom: 0cm; background-image: initial; background-position: initial; background-size: initial; background-repeat: initial; background-attachment: initial; background-origin: initial; background-clip: initial; line-height: 150%;\" align=\"JUSTIFY\"><span style=\"font-family: Calibri, serif;\">Sprzedawca odpowiada wobec Klienta, w tym r\u00f3wnie\u017c Klienta b\u0119d\u0105cego Konsumentem, z tytu\u0142u r\u0119kojmi za wady na zasadach okre\u015blonych w art. 556 \u2013 576 Kodeksu Cywilnego. W stosunku do Klient\u00f3w b\u0119d\u0105cych Przedsi\u0119biorcami r\u0119kojmia zostaje wy\u0142\u0105czona.<\/span><\/p><\/li><li><p style=\"margin-bottom: 0cm; background-image: initial; background-position: initial; background-size: initial; background-repeat: initial; background-attachment: initial; background-origin: initial; background-clip: initial; line-height: 150%;\" align=\"JUSTIFY\"><span style=\"font-family: Calibri, serif;\"><span style=\"font-family: Calibri, serif;\"><span style=\"font-size: small;\">Reklamacje, wynikaj\u0105ce z naruszenia praw Klienta gwarantowanych prawnie lub na podstawie niniejszego Regulaminu, nale\u017cy kierowa\u0107 pisemnie na adres SZTUKOMANIA KAROLINA FIEDOR, Spytkowice 465B, 34-745 Spytkowice, na adres poczty elektronicznej: sztukomania.kf@gmail.com, numer telefonu +48\u00a0<\/span><\/span><span style=\"font-size: small;\">888\u00a0515 759.<\/span><\/span><\/p><\/li><li><p style=\"margin-bottom: 0cm; background-image: initial; background-position: initial; background-size: initial; background-repeat: initial; background-attachment: initial; background-origin: initial; background-clip: initial; line-height: 150%;\" align=\"JUSTIFY\"><span style=\"font-family: Calibri, serif;\">Celem rozpatrzenia reklamacji Klient powinien przes\u0142a\u0107 lub dostarczy\u0107 reklamowany Towar, je\u017celi jest to mo\u017cliwe do\u0142\u0105czaj\u0105c do niego dow\u00f3d zakupu. Towar nale\u017cy dostarczy\u0107 lub przes\u0142a\u0107 na adres wskazany w\u00a0pkt. 2 powy\u017cej. <\/span><\/p><\/li><li><p style=\"margin-bottom: 0cm; background-image: initial; background-position: initial; background-size: initial; background-repeat: initial; background-attachment: initial; background-origin: initial; background-clip: initial; line-height: 150%;\" align=\"JUSTIFY\"><span style=\"font-family: Calibri, serif;\">Sprzedawca\u00a0zobowi\u0105zuje si\u0119 do rozpatrzenia ka\u017cdej reklamacji w terminie do\u00a014\u00a0dni.<\/span><\/p><\/li><li><p style=\"margin-bottom: 0cm; background-image: initial; background-position: initial; background-size: initial; background-repeat: initial; background-attachment: initial; background-origin: initial; background-clip: initial; line-height: 150%;\" align=\"JUSTIFY\"><span style=\"font-family: Calibri, serif;\">W przypadku brak\u00f3w w reklamacji Sprzedawca wezwie Klienta do jej uzupe\u0142nienia w niezb\u0119dnym zakresie niezw\u0142ocznie, nie p\u00f3\u017aniej jednak ni\u017c w terminie 7 dni, od daty otrzymania wezwania przez Klienta. Sprzedawca zwraca Klientowi koszty przesy\u0142ki.<\/span><\/p><\/li><li><p style=\"margin-bottom: 0cm; background-image: initial; background-position: initial; background-size: initial; background-repeat: initial; background-attachment: initial; background-origin: initial; background-clip: initial; line-height: 150%;\" align=\"JUSTIFY\"><span style=\"font-family: Calibri, serif;\">Klient b\u0119d\u0105cy Konsumentem posiada m.in. nast\u0119puj\u0105ce mo\u017cliwo\u015bci skorzystania z pozas\u0105dowych sposob\u00f3w rozpatrywania reklamacji i dochodzenia roszcze\u0144:<\/span><\/p><\/li><\/ol><ol><li style=\"list-style-type: none;\"><ol type=\"a\"><li><p style=\"margin-bottom: 0cm; line-height: 150%;\" align=\"JUSTIFY\"><span style=\"font-family: Calibri, serif;\">jest uprawniony do zwr\u00f3cenia si\u0119 do sta\u0142ego polubownego s\u0105du konsumenckiego dzia\u0142aj\u0105cego przy Inspekcji Handlowej z wnioskiem o rozstrzygni\u0119cie sporu wynik\u0142ego z zawartej Umowy sprzeda\u017cy,<\/span><\/p><\/li><li><p style=\"margin-bottom: 0cm; line-height: 150%;\" align=\"JUSTIFY\"><span style=\"font-family: Calibri, serif;\">jest uprawniony do zwr\u00f3cenia si\u0119 do wojew\u00f3dzkiego inspektora Inspekcji Handlowej z\u00a0wnioskiem\u00a0o\u00a0wszcz\u0119cie post\u0119powania mediacyjnego w sprawie polubownego zako\u0144czenia sporu mi\u0119dzy Klientem a Sprzedawc\u0105,<\/span><\/p><\/li><li><p style=\"margin-bottom: 0cm; line-height: 150%;\" align=\"JUSTIFY\"><span style=\"font-family: Calibri, serif;\">mo\u017ce uzyska\u0107 bezp\u0142atn\u0105 pomoc w sprawie rozstrzygni\u0119cia sporu mi\u0119dzy Klientem a\u00a0Sprzedawc\u0105, korzystaj\u0105c tak\u017ce z bezp\u0142atnej pomocy powiatowego (miejskiego) rzecznika konsument\u00f3w lub organizacji spo\u0142ecznej, do kt\u00f3rej zada\u0144 statutowych nale\u017cy ochrona konsument\u00f3w (m.in. Federacja Konsument\u00f3w, Stowarzyszenie Konsument\u00f3w Polskich). Porady udzielane s\u0105 przez Federacj\u0119 Konsument\u00f3w pod bezp\u0142atnym numerem infolinii konsumenckiej +48 800 007 707 oraz przez Stowarzyszenie Konsument\u00f3w Polskich pod adresem email: <a href=\"mailto:porady@dlakonsumentow.pl\">porady@dlakonsumentow.pl<\/a>,<\/span><\/p><\/li><li><p style=\"margin-bottom: 0cm; line-height: 150%;\" align=\"JUSTIFY\"><span style=\"font-family: Calibri, serif;\"><span style=\"font-family: Calibri, serif;\"><span style=\"font-size: small;\">mo\u017ce z\u0142o\u017cy\u0107 za po\u015brednictwem unijnej platformy internetowej ODR, dost\u0119pnej pod adresem: <\/span><\/span><a href=\"http:\/\/ec.europa.eu\/consumers\/odr\/\"><span style=\"color: #00000a;\"><span style=\"font-family: Calibri, serif;\"><span style=\"font-size: small;\">http:\/\/ec.europa.eu\/consumers\/odr\/<\/span><\/span><\/span><\/a><span style=\"font-family: Calibri, serif;\"><span style=\"font-size: small;\">.<\/span><\/span><\/span><\/p><\/li><\/ol><\/li><\/ol><p>\u00a0<\/p><p style=\"margin-bottom: 0cm;\" align=\"JUSTIFY\">\u00a0<\/p>\t\t\t\t\t\t\t\t<\/div>\n\t\t\t\t<\/div>\n\t\t\t\t\t<\/div>\n\t\t<\/div>\n\t\t\t\t\t<\/div>\n\t\t<\/section>\n\t\t\t\t<\/div>\n\t\t","protected":false},"excerpt":{"rendered":"<p>Warunki reklamacji Sprzedawca odpowiada wobec Klienta, w tym r\u00f3wnie\u017c Klienta b\u0119d\u0105cego Konsumentem, z tytu\u0142u r\u0119kojmi za wady na zasadach okre\u015blonych w art. 556 \u2013 576 Kodeksu Cywilnego. W stosunku do Klient\u00f3w b\u0119d\u0105cych Przedsi\u0119biorcami r\u0119kojmia zostaje wy\u0142\u0105czona. Reklamacje, wynikaj\u0105ce z naruszenia praw Klienta gwarantowanych prawnie lub na podstawie niniejszego Regulaminu, nale\u017cy kierowa\u0107 pisemnie na adres SZTUKOMANIA [&hellip;]<\/p>\n","protected":false},"author":1,"featured_media":0,"parent":0,"menu_order":0,"comment_status":"closed","ping_status":"closed","template":"","meta":{"om_disable_all_campaigns":false,"_monsterinsights_skip_tracking":false,"_monsterinsights_sitenote_active":false,"_monsterinsights_sitenote_note":"","_monsterinsights_sitenote_category":0,"_uf_show_specific_survey":0,"_uf_disable_surveys":false,"site-sidebar-layout":"no-sidebar","site-content-layout":"page-builder","ast-site-content-layout":"default","site-content-style":"default","site-sidebar-style":"default","ast-global-header-display":"","ast-banner-title-visibility":"","ast-main-header-display":"","ast-hfb-above-header-display":"","ast-hfb-below-header-display":"","ast-hfb-mobile-header-display":"","site-post-title":"disabled","ast-breadcrumbs-content":"","ast-featured-img":"disabled","footer-sml-layout":"","ast-disable-related-posts":"","theme-transparent-header-meta":"default","adv-header-id-meta":"","stick-header-meta":"","header-above-stick-meta":"","header-main-stick-meta":"","header-below-stick-meta":"","astra-migrate-meta-layouts":"default","ast-page-background-enabled":"default","ast-page-background-meta":{"desktop":{"background-color":"","background-image":"","background-repeat":"repeat","background-position":"center center","background-size":"auto","background-attachment":"scroll","background-type":"","background-media":"","overlay-type":"","overlay-color":"","overlay-opacity":"","overlay-gradient":""},"tablet":{"background-color":"","background-image":"","background-repeat":"repeat","background-position":"center center","background-size":"auto","background-attachment":"scroll","background-type":"","background-media":"","overlay-type":"","overlay-color":"","overlay-opacity":"","overlay-gradient":""},"mobile":{"background-color":"","background-image":"","background-repeat":"repeat","background-position":"center center","background-size":"auto","background-attachment":"scroll","background-type":"","background-media":"","overlay-type":"","overlay-color":"","overlay-opacity":"","overlay-gradient":""}},"ast-content-background-meta":{"desktop":{"background-color":"var(--ast-global-color-5)","background-image":"","background-repeat":"repeat","background-position":"center center","background-size":"auto","background-attachment":"scroll","background-type":"","background-media":"","overlay-type":"","overlay-color":"","overlay-opacity":"","overlay-gradient":""},"tablet":{"background-color":"var(--ast-global-color-5)","background-image":"","background-repeat":"repeat","background-position":"center center","background-size":"auto","background-attachment":"scroll","background-type":"","background-media":"","overlay-type":"","overlay-color":"","overlay-opacity":"","overlay-gradient":""},"mobile":{"background-color":"var(--ast-global-color-5)","background-image":"","background-repeat":"repeat","background-position":"center center","background-size":"auto","background-attachment":"scroll","background-type":"","background-media":"","overlay-type":"","overlay-color":"","overlay-opacity":"","overlay-gradient":""}},"footnotes":""},"class_list":["post-1106","page","type-page","status-publish","hentry"],"aioseo_notices":[],"_links":{"self":[{"href":"https:\/\/sztukomania.pl\/index.php?rest_route=\/wp\/v2\/pages\/1106","targetHints":{"allow":["GET"]}}],"collection":[{"href":"https:\/\/sztukomania.pl\/index.php?rest_route=\/wp\/v2\/pages"}],"about":[{"href":"https:\/\/sztukomania.pl\/index.php?rest_route=\/wp\/v2\/types\/page"}],"author":[{"embeddable":true,"href":"https:\/\/sztukomania.pl\/index.php?rest_route=\/wp\/v2\/users\/1"}],"replies":[{"embeddable":true,"href":"https:\/\/sztukomania.pl\/index.php?rest_route=%2Fwp%2Fv2%2Fcomments&post=1106"}],"version-history":[{"count":2,"href":"https:\/\/sztukomania.pl\/index.php?rest_route=\/wp\/v2\/pages\/1106\/revisions"}],"predecessor-version":[{"id":1108,"href":"https:\/\/sztukomania.pl\/index.php?rest_route=\/wp\/v2\/pages\/1106\/revisions\/1108"}],"wp:attachment":[{"href":"https:\/\/sztukomania.pl\/index.php?rest_route=%2Fwp%2Fv2%2Fmedia&parent=1106"}],"curies":[{"name":"wp","href":"https:\/\/api.w.org\/{rel}","templated":true}]}}