{"id":1096,"date":"2020-07-27T11:35:15","date_gmt":"2020-07-27T11:35:15","guid":{"rendered":"http:\/\/sztukomania.pl\/?page_id=1096"},"modified":"2026-01-17T16:12:39","modified_gmt":"2026-01-17T15:12:39","slug":"informacje-o-sprzedajacym","status":"publish","type":"page","link":"https:\/\/sztukomania.pl\/?page_id=1096","title":{"rendered":"Informacje o sprzedaj\u0105cym"},"content":{"rendered":"\t\t<div data-elementor-type=\"wp-page\" data-elementor-id=\"1096\" class=\"elementor elementor-1096\" data-elementor-post-type=\"page\">\n\t\t\t\t\t\t<section class=\"elementor-section elementor-top-section elementor-element elementor-element-b4872b3 elementor-section-boxed elementor-section-height-default elementor-section-height-default\" data-id=\"b4872b3\" data-element_type=\"section\">\n\t\t\t\t\t\t<div class=\"elementor-container elementor-column-gap-default\">\n\t\t\t\t\t<div class=\"elementor-column elementor-col-100 elementor-top-column elementor-element elementor-element-a68fe83\" data-id=\"a68fe83\" data-element_type=\"column\">\n\t\t\t<div class=\"elementor-widget-wrap elementor-element-populated\">\n\t\t\t\t\t\t<div class=\"elementor-element elementor-element-7fd432d elementor-widget elementor-widget-heading\" data-id=\"7fd432d\" data-element_type=\"widget\" data-widget_type=\"heading.default\">\n\t\t\t\t<div class=\"elementor-widget-container\">\n\t\t\t\t\t<h2 class=\"elementor-heading-title elementor-size-default\">Informacje o sprzedaj\u0105cym<\/h2>\t\t\t\t<\/div>\n\t\t\t\t<\/div>\n\t\t\t\t\t<\/div>\n\t\t<\/div>\n\t\t\t\t\t<\/div>\n\t\t<\/section>\n\t\t\t\t<section class=\"elementor-section elementor-top-section elementor-element elementor-element-967b053 elementor-section-boxed elementor-section-height-default elementor-section-height-default\" data-id=\"967b053\" data-element_type=\"section\">\n\t\t\t\t\t\t<div class=\"elementor-container elementor-column-gap-default\">\n\t\t\t\t\t<div class=\"elementor-column elementor-col-100 elementor-top-column elementor-element elementor-element-31edf6c\" data-id=\"31edf6c\" data-element_type=\"column\">\n\t\t\t<div class=\"elementor-widget-wrap elementor-element-populated\">\n\t\t\t\t\t\t<div class=\"elementor-element elementor-element-af3da41 elementor-widget elementor-widget-text-editor\" data-id=\"af3da41\" data-element_type=\"widget\" data-widget_type=\"text-editor.default\">\n\t\t\t\t<div class=\"elementor-widget-container\">\n\t\t\t\t\t\t\t\t\t<p style=\"margin-bottom: 0cm; background-image: initial; background-position: initial; background-size: initial; background-repeat: initial; background-attachment: initial; background-origin: initial; background-clip: initial; line-height: 150%;\" align=\"JUSTIFY\">Sklep prowadzi\u00a0Karolina Fiedor-G\u0119dzik, prowadz\u0105ca dzia\u0142alno\u015b\u0107 gospodarcz\u0105 pod firm\u0105 SZTUKOMANIA KAROLINA FIEDOR-G\u0118DZIK, wpisana do rejestru przedsi\u0119biorc\u00f3w Centralnej Ewidencji i Informacji o Dzia\u0142alno\u015bci Gospodarczej prowadzonej przez Ministra Rozwoju pod adresem ul. Stanis\u0142awa Staszica 14, 34-500 Zakopane, NIP 7352889016, REGON 385698232, zwana dalej Sprzedawc\u0105.<\/p><p style=\"margin-top: 0.21cm; background-image: initial; background-position: initial; background-size: initial; background-repeat: initial; background-attachment: initial; background-origin: initial; background-clip: initial; line-height: 150%;\" align=\"JUSTIFY\"><span style=\"font-size: small;\"><b>Sprzedawca poni\u017cej wskazuje dodatkowe informacje dla Klienta<\/b><\/span><\/p><ol><li><p style=\"margin-bottom: 0cm; background-image: initial; background-position: initial; background-size: initial; background-repeat: initial; background-attachment: initial; background-origin: initial; background-clip: initial; line-height: 150%;\" align=\"JUSTIFY\"><span style=\"font-family: Calibri, serif;\">Dostawa Towar\u00f3w odbywa si\u0119 na adres wskazany przez Klienta. <\/span><\/p><\/li><li><p style=\"margin-bottom: 0cm; background-image: initial; background-position: initial; background-size: initial; background-repeat: initial; background-attachment: initial; background-origin: initial; background-clip: initial; line-height: 150%;\" align=\"JUSTIFY\"><span style=\"font-family: Calibri, serif;\">Koszty i formy dostawy zostan\u0105 wskazane w czasie sk\u0142adania Zam\u00f3wienia.<\/span><\/p><\/li><li><p style=\"margin-bottom: 0cm; background-image: initial; background-position: initial; background-size: initial; background-repeat: initial; background-attachment: initial; background-origin: initial; background-clip: initial; line-height: 150%;\" align=\"JUSTIFY\"><span style=\"font-family: Calibri, serif;\">Sprzedawca w opisie Towaru informuje o terminie dostawy i realizacji Zam\u00f3wienia, kt\u00f3ry liczony jest w\u00a0dniach roboczych zgodnie z\u00a0 pkt. 5.<\/span><\/p><\/li><li><p style=\"margin-bottom: 0cm; background-image: initial; background-position: initial; background-size: initial; background-repeat: initial; background-attachment: initial; background-origin: initial; background-clip: initial; line-height: 150%;\" align=\"JUSTIFY\"><span style=\"font-family: Calibri, serif;\">Ceny Towar\u00f3w podawane s\u0105 w z\u0142otych polskich i zawieraj\u0105 wszystkie sk\u0142adniki, c\u0142a oraz wszelkie inne sk\u0142adniki.<\/span><\/p><\/li><li><p style=\"margin-bottom: 0cm; background-image: initial; background-position: initial; background-size: initial; background-repeat: initial; background-attachment: initial; background-origin: initial; background-clip: initial; line-height: 150%;\" align=\"JUSTIFY\"><span style=\"font-family: Calibri, serif;\">Klient mo\u017ce wybra\u0107 nast\u0119puj\u0105ce metody p\u0142atno\u015bci:<\/span><\/p><ol type=\"a\"><li><p style=\"margin-top: 0.18cm; margin-bottom: 0.18cm; line-height: 150%;\" align=\"JUSTIFY\"><span style=\"font-size: small;\">przelew bankowy na rachunek bankowy Sprzedawcy (w tym przypadku realizacja Zam\u00f3wienia rozpocz\u0119ta zostanie po przes\u0142aniu Klientowi przez Sprzedawc\u0119 potwierdzenia przyj\u0119cia Zam\u00f3wienia, za\u015b wysy\u0142ka dokonana zostanie niezw\u0142ocznie po wp\u0142yni\u0119ciu \u015brodk\u00f3w na rachunek bankowy Sprzedawcy i skompletowaniu Zam\u00f3wienia);<\/span><\/p><\/li><li><p style=\"margin-top: 0.18cm; margin-bottom: 0.18cm; line-height: 150%;\" align=\"JUSTIFY\"><span style=\"font-size: small;\">p\u0142atno\u015b\u0107 elektroniczna (w tym przypadku realizacja Zam\u00f3wienia rozpocz\u0119ta zostanie po przes\u0142aniu Klientowi przez Sprzedawc\u0119 potwierdzenia przyj\u0119cia Zam\u00f3wienia oraz po otrzymaniu przez Sprzedawc\u0119 informacji z systemu agenta rozliczeniowego o dokonaniu p\u0142atno\u015bci przez Klienta, za\u015b wysy\u0142ka dokonana zostanie niezw\u0142ocznie po skompletowaniu Zam\u00f3wienia).<\/span><\/p><\/li><\/ol><\/li><li><p style=\"margin-bottom: 0cm; background-image: initial; background-position: initial; background-size: initial; background-repeat: initial; background-attachment: initial; background-origin: initial; background-clip: initial; line-height: 150%;\" align=\"JUSTIFY\"><span style=\"font-family: Calibri, serif;\">Sprzedawca w opisie Towaru informuje Klienta o terminie w jakim jest on zobowi\u0105zany dokona\u0107 p\u0142atno\u015bci za Zam\u00f3wienie. W przypadku braku p\u0142atno\u015bci przez Klienta w terminie, o kt\u00f3rym mowa w\u00a0zdaniu poprzednim, Sprzedawca po uprzednim bezskutecznym wezwaniu do zap\u0142aty z wyznaczeniem stosownego terminu mo\u017ce odst\u0105pi\u0107 od Umowy sprzeda\u017cy na podstawie art. 491 Kodeksu Cywilnego.<\/span><\/p><\/li><li><p style=\"margin-bottom: 0cm; background-image: initial; background-position: initial; background-size: initial; background-repeat: initial; background-attachment: initial; background-origin: initial; background-clip: initial; line-height: 150%;\" align=\"JUSTIFY\"><span style=\"font-family: Calibri, serif;\">Klient b\u0119d\u0105cy Konsumentem posiada mo\u017cliwo\u015b\u0107 skorzystania z pozas\u0105dowych sposob\u00f3w rozpatrywania reklamacji i dochodzenia roszcze\u0144 poprzez\u00a0z\u0142o\u017cenie skargi za po\u015brednictwem unijnej platformy internetowej ODR, dost\u0119pnej pod adresem:\u00a0<a href=\"http:\/\/ec.europa.eu\/consumers\/odr\/\">http:\/\/ec.europa.eu\/consumers\/odr\/<\/a>. Informacje o sposobie dost\u0119pu do ww. trybu i procedur rozstrzygania spor\u00f3w,\u00a0 znajduj\u0105 si\u0119 pod nast\u0119puj\u0105cym adresem:\u00a0<a href=\"http:\/\/www.uokik.gov.pl\/\">www.uokik.gov.pl<\/a>, w zak\u0142adce \u201eRozstrzyganie spor\u00f3w konsumenckich\u201d.\u00a0<\/span><\/p><\/li><li><p style=\"margin-bottom: 0cm; background-image: initial; background-position: initial; background-size: initial; background-repeat: initial; background-attachment: initial; background-origin: initial; background-clip: initial; line-height: 150%;\" align=\"JUSTIFY\"><span style=\"font-family: Calibri, serif;\">Administratorem Danych Osobowych Klient\u00f3w jest Sprzedawca. <\/span><\/p><\/li><li><p style=\"margin-bottom: 0cm; background-image: initial; background-position: initial; background-size: initial; background-repeat: initial; background-attachment: initial; background-origin: initial; background-clip: initial; line-height: 150%;\" align=\"JUSTIFY\"><span style=\"font-family: Calibri, serif;\">Dane osobowe zbierane w Sklepie s\u0105 przetwarzane wy\u0142\u0105cznie w celu realizacji Zam\u00f3wienia z\u0142o\u017conego przez Klienta.<\/span><\/p><\/li><li><p style=\"margin-bottom: 0cm; background-image: initial; background-position: initial; background-size: initial; background-repeat: initial; background-attachment: initial; background-origin: initial; background-clip: initial; line-height: 150%;\" align=\"JUSTIFY\"><span style=\"font-family: Calibri, serif;\">Sprzedawca dok\u0142ada szczeg\u00f3lnych stara\u0144 w celu ochrony prywatno\u015bci i informacji przekazanych mu, a\u00a0dotycz\u0105cych Klient\u00f3w Sklepu. Sprzedawca z nale\u017cyt\u0105 staranno\u015bci\u0105 dobiera i stosuje odpowiednie \u015brodki techniczne zabezpieczaj\u0105ce dane osobowe.<\/span><\/p><\/li><li><p style=\"margin-bottom: 0cm; background-image: initial; background-position: initial; background-size: initial; background-repeat: initial; background-attachment: initial; background-origin: initial; background-clip: initial; line-height: 150%;\" align=\"JUSTIFY\"><span style=\"font-family: Calibri, serif;\">Klient ma prawo dost\u0119pu do swoich danych osobowych, ich poprawiania, a tak\u017ce mo\u017ce zwr\u00f3ci\u0107 si\u0119 do Sprzedawcy \u00a0z pisemnym \u017c\u0105daniem usuni\u0119cia podanych wcze\u015bniej danych osobowych ze zbioru danych prowadzonego przez Sprzedawc\u0119.<\/span><\/p><\/li><li><p style=\"margin-bottom: 0cm; background-image: initial; background-position: initial; background-size: initial; background-repeat: initial; background-attachment: initial; background-origin: initial; background-clip: initial; line-height: 150%;\" align=\"JUSTIFY\"><span style=\"font-family: Calibri, serif;\">Rozstrzyganie ewentualnych spor\u00f3w powsta\u0142ych pomi\u0119dzy Sprzedawc\u0105 a Klientem, kt\u00f3ry jest Konsumentem w rozumieniu art.\u00a022[1] Kodeksu Cywilnego, zostaje poddane s\u0105dom w\u0142a\u015bciwym zgodnie z\u00a0postanowieniami w\u0142a\u015bciwych przepis\u00f3w Kodeksu post\u0119powania cywilnego. W pozosta\u0142ych przypadkach rozstrzyganie ewentualnych spor\u00f3w zostaje poddane s\u0105dowi w\u0142a\u015bciwemu ze wzgl\u0119du na siedzib\u0119\u00a0Sprzedawcy.<\/span><\/p><\/li><li><p style=\"margin-bottom: 0cm; background-image: initial; background-position: initial; background-size: initial; background-repeat: initial; background-attachment: initial; background-origin: initial; background-clip: initial; line-height: 150%;\" align=\"JUSTIFY\"><span style=\"font-family: Calibri, serif;\">W sprawach dotycz\u0105cych sprzeda\u017cy nieuregulowanych w informacjach podawanych przez Sprzedaj\u0105cego oraz regulaminach serwisu www.allegro.pl maj\u0105 zastosowanie przepisy prawa polskiego.<\/span><\/p><\/li><li><p style=\"margin-bottom: 0cm; background-image: initial; background-position: initial; background-size: initial; background-repeat: initial; background-attachment: initial; background-origin: initial; background-clip: initial; line-height: 150%;\" align=\"JUSTIFY\"><span style=\"font-family: Calibri, serif;\">Klient zobowi\u0105zany jest w szczeg\u00f3lno\u015bci do niedostarczania tre\u015bci bezprawnych.<\/span><\/p><\/li><\/ol>\t\t\t\t\t\t\t\t<\/div>\n\t\t\t\t<\/div>\n\t\t\t\t\t<\/div>\n\t\t<\/div>\n\t\t\t\t\t<\/div>\n\t\t<\/section>\n\t\t\t\t<\/div>\n\t\t","protected":false},"excerpt":{"rendered":"<p>Informacje o sprzedaj\u0105cym Sklep prowadzi\u00a0Karolina Fiedor-G\u0119dzik, prowadz\u0105ca dzia\u0142alno\u015b\u0107 gospodarcz\u0105 pod firm\u0105 SZTUKOMANIA KAROLINA FIEDOR-G\u0118DZIK, wpisana do rejestru przedsi\u0119biorc\u00f3w Centralnej Ewidencji i Informacji o Dzia\u0142alno\u015bci Gospodarczej prowadzonej przez Ministra Rozwoju pod adresem ul. Stanis\u0142awa Staszica 14, 34-500 Zakopane, NIP 7352889016, REGON 385698232, zwana dalej Sprzedawc\u0105. Sprzedawca poni\u017cej wskazuje dodatkowe informacje dla Klienta Dostawa Towar\u00f3w odbywa si\u0119 [&hellip;]<\/p>\n","protected":false},"author":1,"featured_media":0,"parent":0,"menu_order":0,"comment_status":"closed","ping_status":"closed","template":"","meta":{"om_disable_all_campaigns":false,"_monsterinsights_skip_tracking":false,"_monsterinsights_sitenote_active":false,"_monsterinsights_sitenote_note":"","_monsterinsights_sitenote_category":0,"_uf_show_specific_survey":0,"_uf_disable_surveys":false,"site-sidebar-layout":"no-sidebar","site-content-layout":"page-builder","ast-site-content-layout":"default","site-content-style":"default","site-sidebar-style":"default","ast-global-header-display":"","ast-banner-title-visibility":"","ast-main-header-display":"","ast-hfb-above-header-display":"","ast-hfb-below-header-display":"","ast-hfb-mobile-header-display":"","site-post-title":"disabled","ast-breadcrumbs-content":"","ast-featured-img":"disabled","footer-sml-layout":"","ast-disable-related-posts":"","theme-transparent-header-meta":"default","adv-header-id-meta":"","stick-header-meta":"","header-above-stick-meta":"","header-main-stick-meta":"","header-below-stick-meta":"","astra-migrate-meta-layouts":"default","ast-page-background-enabled":"default","ast-page-background-meta":{"desktop":{"background-color":"","background-image":"","background-repeat":"repeat","background-position":"center center","background-size":"auto","background-attachment":"scroll","background-type":"","background-media":"","overlay-type":"","overlay-color":"","overlay-opacity":"","overlay-gradient":""},"tablet":{"background-color":"","background-image":"","background-repeat":"repeat","background-position":"center center","background-size":"auto","background-attachment":"scroll","background-type":"","background-media":"","overlay-type":"","overlay-color":"","overlay-opacity":"","overlay-gradient":""},"mobile":{"background-color":"","background-image":"","background-repeat":"repeat","background-position":"center center","background-size":"auto","background-attachment":"scroll","background-type":"","background-media":"","overlay-type":"","overlay-color":"","overlay-opacity":"","overlay-gradient":""}},"ast-content-background-meta":{"desktop":{"background-color":"var(--ast-global-color-5)","background-image":"","background-repeat":"repeat","background-position":"center center","background-size":"auto","background-attachment":"scroll","background-type":"","background-media":"","overlay-type":"","overlay-color":"","overlay-opacity":"","overlay-gradient":""},"tablet":{"background-color":"var(--ast-global-color-5)","background-image":"","background-repeat":"repeat","background-position":"center center","background-size":"auto","background-attachment":"scroll","background-type":"","background-media":"","overlay-type":"","overlay-color":"","overlay-opacity":"","overlay-gradient":""},"mobile":{"background-color":"var(--ast-global-color-5)","background-image":"","background-repeat":"repeat","background-position":"center center","background-size":"auto","background-attachment":"scroll","background-type":"","background-media":"","overlay-type":"","overlay-color":"","overlay-opacity":"","overlay-gradient":""}},"footnotes":""},"class_list":["post-1096","page","type-page","status-publish","hentry"],"aioseo_notices":[],"_links":{"self":[{"href":"https:\/\/sztukomania.pl\/index.php?rest_route=\/wp\/v2\/pages\/1096","targetHints":{"allow":["GET"]}}],"collection":[{"href":"https:\/\/sztukomania.pl\/index.php?rest_route=\/wp\/v2\/pages"}],"about":[{"href":"https:\/\/sztukomania.pl\/index.php?rest_route=\/wp\/v2\/types\/page"}],"author":[{"embeddable":true,"href":"https:\/\/sztukomania.pl\/index.php?rest_route=\/wp\/v2\/users\/1"}],"replies":[{"embeddable":true,"href":"https:\/\/sztukomania.pl\/index.php?rest_route=%2Fwp%2Fv2%2Fcomments&post=1096"}],"version-history":[{"count":5,"href":"https:\/\/sztukomania.pl\/index.php?rest_route=\/wp\/v2\/pages\/1096\/revisions"}],"predecessor-version":[{"id":14465,"href":"https:\/\/sztukomania.pl\/index.php?rest_route=\/wp\/v2\/pages\/1096\/revisions\/14465"}],"wp:attachment":[{"href":"https:\/\/sztukomania.pl\/index.php?rest_route=%2Fwp%2Fv2%2Fmedia&parent=1096"}],"curies":[{"name":"wp","href":"https:\/\/api.w.org\/{rel}","templated":true}]}}